{"id":404,"date":"2020-03-18T14:05:33","date_gmt":"2020-03-18T13:05:33","guid":{"rendered":"https:\/\/www.sicily-transfer.com\/?page_id=404"},"modified":"2021-11-26T11:36:06","modified_gmt":"2021-11-26T10:36:06","slug":"coronavirus-covid-19-safety-and-prevention-measures","status":"publish","type":"page","link":"https:\/\/www.sicily-transfer.com\/it\/coronavirus-covid-19-safety-and-prevention-measures\/","title":{"rendered":"Coronavirus (COVID-19) Misure di sicurezza e prevenzione"},"content":{"rendered":"&nbsp;<br \/>\n&nbsp;<\/p>\n<h2>Coronavirus (COVID-19) Misure di sicurezza e prevenzione<\/h2>\n<p style=\"font-size: 20px;\">Ci preme rassicurare i nostri clienti che abbiamo rilasciato a tutti i nostri autisti le linee guida raccomandate dall\u2019Organizzazione Mondiale della Sanit\u00e0 (OMS) per le misure di protezione di base contro il nuovo coronavirus (COVID-19). La vostra salute e sicurezza, cos\u00ec come quella dei nostri autisti, \u00e8 la nostra massima priorit\u00e0.<\/p>\n<p>&nbsp;<\/p>\n<hr \/>\n<div class=\"alert alert-info\"> <\/p>\n<h3><i class=\"fal fa-virus-slash\"><\/i> Sanificazione dei mezzi<\/h3>\n<p style=\"font-size: 20px;\">Sanifichiamo ogni giorno i nostri mezzi con tecnologia ad ozono o ultravioletti che uccide batteri e virus fino al 99.8%.<\/p>\n<\/div>\n<hr \/>\n<p>&nbsp;<\/p>\n<h2>Misure di sicurezza e prevenzione<\/h2>\n<p>&nbsp;<br \/>\n<div class=\"row\">    <div class=\"col-md-6\">\n<ul>\n<li>Lavarsi le mani regolarmente.<\/li>\n<li>Avere sempre a disposizione un disinfettante per le mani, sia per se che per i passeggeri.<\/li>\n<li>Pulire regolarmente le superfici del veicolo con spray o salviette detergenti.<\/li>\n<\/ul>\n<\/div>    <div class=\"col-md-6\">\n<ul>\n<li>Quando e dove possibile, mantenere la distanza tra le persone.<\/li>\n<li>Evitare di toccarsi occhi, naso e bocca.<\/li>\n<li>Praticare l\u2019igiene respiratoria, ovvero: coprirsi la bocca e il naso con il gomito piegato o con un fazzoletto per tossire e starnutire. Gettare immediatamente i fazzoletti usati.<\/li>\n<\/ul>\n<\/div><\/div>\n<hr \/>\n<div class=\"alert alert-success\"> <\/p>\n<h2>Termini di cancellazione di 24 ore<\/h2>\n<p>Nel clima attuale, riconosciamo che i piani possono cambiare inaspettatamente e che la flessibilit\u00e0, quando si viaggia, \u00e8 fondamentale. Quindi, per una maggiore tranquillit\u00e0 e per lasciarvi in pieno controllo della situazione, vi ricordiamo che potete cancellare la vostra prenotazione a costo zero, ottenendo un rimborso completo, in qualsiasi momento fino a 24 ore prima dell\u2019orario previsto per il trasferimento. Per maggiori informazioni sulla policy di cancellazione, visita la nostra pagina dei termini e condizioni.<\/div>\n<hr \/>\n<p>&nbsp;<\/p>\n<h3>Updates and protective measures from the World Health Organization<\/h3>\n<p><a href=\"https:\/\/www.who.int\/emergencies\/diseases\/novel-coronavirus-2019\" target=\"_blank\" rel=\"noopener noreferrer\">World Health Organization updates and latest news<\/a><br \/>\n<a href=\"https:\/\/www.who.int\/emergencies\/diseases\/novel-coronavirus-2019\/advice-for-public\" target=\"_blank\" rel=\"noopener noreferrer\">Basic protective measures<\/a>","protected":false},"excerpt":{"rendered":"<p>&nbsp; &nbsp; Coronavirus (COVID-19) Misure di sicurezza e prevenzione Ci preme rassicurare i nostri clienti che abbiamo rilasciato a tutti i nostri autisti le linee guida raccomandate dall\u2019Organizzazione Mondiale della Sanit\u00e0 (OMS) per le misure di protezione di base contro il nuovo coronavirus (COVID-19). La vostra salute e sicurezza, cos\u00ec come quella dei nostri autisti, [&#8230;]<\/p>\n<p><a class=\"btn btn-secondary understrap-read-more-link\" href=\"https:\/\/www.sicily-transfer.com\/it\/coronavirus-covid-19-safety-and-prevention-measures\/\">Leggi di pi\u00f9&#8230;<\/a><\/p>\n","protected":false},"author":1,"featured_media":0,"parent":0,"menu_order":0,"comment_status":"closed","ping_status":"closed","template":"page-templates\/fullwidthpagenohome.php","meta":{"footnotes":""},"aioseo_notices":[],"_links":{"self":[{"href":"https:\/\/www.sicily-transfer.com\/it\/wp-json\/wp\/v2\/pages\/404"}],"collection":[{"href":"https:\/\/www.sicily-transfer.com\/it\/wp-json\/wp\/v2\/pages"}],"about":[{"href":"https:\/\/www.sicily-transfer.com\/it\/wp-json\/wp\/v2\/types\/page"}],"author":[{"embeddable":true,"href":"https:\/\/www.sicily-transfer.com\/it\/wp-json\/wp\/v2\/users\/1"}],"replies":[{"embeddable":true,"href":"https:\/\/www.sicily-transfer.com\/it\/wp-json\/wp\/v2\/comments?post=404"}],"version-history":[{"count":2,"href":"https:\/\/www.sicily-transfer.com\/it\/wp-json\/wp\/v2\/pages\/404\/revisions"}],"predecessor-version":[{"id":440,"href":"https:\/\/www.sicily-transfer.com\/it\/wp-json\/wp\/v2\/pages\/404\/revisions\/440"}],"wp:attachment":[{"href":"https:\/\/www.sicily-transfer.com\/it\/wp-json\/wp\/v2\/media?parent=404"}],"curies":[{"name":"wp","href":"https:\/\/api.w.org\/{rel}","templated":true}]}}