{"id":394,"date":"2020-03-18T11:38:38","date_gmt":"2020-03-18T10:38:38","guid":{"rendered":"https:\/\/www.sicily-transfer.com\/?page_id=394"},"modified":"2021-11-26T11:36:06","modified_gmt":"2021-11-26T10:36:06","slug":"transfer-from-palermo-airport-to-cefalu","status":"publish","type":"page","link":"https:\/\/www.sicily-transfer.com\/it\/palermo-airport-transfer\/transfer-from-palermo-airport-to-cefalu\/","title":{"rendered":"Trasferimento dall&#8217;aeroporto di Palermo a Cefal\u00f9"},"content":{"rendered":"<h2>L\u2019aeroporto Falcone e Borsellino: Trasferimento dall&#8217;aeroporto di Palermo a Cefal\u00f9<\/h2>\n<p><strong>Aeroporto di Palermo<\/strong>, rinominato <strong>\u2018Aeroporto Falcone e Borsellino\u2019<\/strong>, dista 35 chilometri dalla citt\u00e0 di Palermo, la citt\u00e0 pi\u00f9 grande dell\u2019isola siciliana.E\u2019 il secondo aeroporto siciliano per numero di passeggeri annuali, superato solamente da quello di Catania, ed \u00e8 stato completato intorno al 1960.<\/p>\n<p>Viaggiare da e verso l\u2019aeroporto, considerata la lontananza dalla citt\u00e0, pu\u00f2 risultare sconveniente e piuttosto scomodo. Prenotando il tuo taxi da e verso l\u2019aeroporto di Palermo con Sicily-Transfer non solo potrai scegliere gli orari che meglio si conciliano con il tuo viaggio, ma potrai anche risparmiare fino al 35% del costo della tua corsa.<br \/>\nTra i servizi garantiti, da menzionare i negozi Duty Free, i punti informativi per i turisti e la piattaforma riservata al trasporto con autista. Assicurandoti il tuo trasferimento da e verso l\u2019aeroporto di Palermo con Sicily-Transfer, potrai raggiungere nel modo pi\u00f9 comodo e conveniente possibile il centro della citt\u00e0, viaggiando in assoluta comodit\u00e0 e risparmiando fino al 35% sul costo della corsa.<br \/>\n(https:\/\/www.sicily-transfer.com\/it\/palermo-airport-transfer\/transfer-from-palermo-airport-to-cefalu\/)<\/p>\n<p><img loading=\"lazy\" decoding=\"async\" src=\"https:\/\/www.sicily-transfer.com\/wp-content\/uploads\/2020\/03\/Cefal\u00f9-primavera-300x200.jpg\" alt=\"Trasferimento dall&#8217;aeroporto di Palermo a Cefal\u00f9\" width=\"300\" height=\"200\" class=\"alignleft size-medium wp-image-413\" srcset=\"https:\/\/www.sicily-transfer.com\/wp-content\/uploads\/2020\/03\/Cefal\u00f9-primavera-300x200.jpg 300w, https:\/\/www.sicily-transfer.com\/wp-content\/uploads\/2020\/03\/Cefal\u00f9-primavera.jpg 680w\" sizes=\"(max-width: 300px) 100vw, 300px\" \/><\/p>\n<h2>Trasferimento dall&#8217;aeroporto di Palermo a Cefal\u00f9<\/h2>\n<p><strong>Prenotando il tuo taxi da e verso l\u2019aeroporto di Palermo <\/strong>durante il tuo viaggio potrai visitare le bellissime memorie architettoniche che fanno della cittadina siciliana un luogo unico ed emozionante, meravigliosamente in bilico tra passato e futuro, Est ed Ovest, tradizione e modernit\u00e0.<\/p>\n<h2>Prenotare un Trasferimento dall&#8217;aeroporto di Palermo a Cefal\u00f9<\/h2>\n<p><strong>Come assicurarsi un taxi da e verso l\u2019aeroporto di Palermo? <\/strong>Con Sicily-Transfer \u00e8 semplicissimo! Visita il nostro sito, inserisci i dati della tua permanenza e verifica il costo del nostro trasferimento da e verso l\u2019aeroporto. <\/p>\n<p>Sicily-Transfer, inoltre, ti da la possibilit\u00e0 di inserire il numero del tuo volo all&#8217;interno della tua prenotazione, permettendo cos\u00ec al nostro partner locale di monitorare lo stato del volo e conoscere in anticipo eventuali ritardi.","protected":false},"excerpt":{"rendered":"<p>L\u2019aeroporto Falcone e Borsellino: Aeroporto di Palermo, rinominato \u2018Aeroporto Falcone e Borsellino\u2019, dista 35 chilometri dalla citt\u00e0 di Palermo, la citt\u00e0 pi\u00f9 grande dell\u2019isola siciliana.E\u2019 il secondo aeroporto siciliano per numero di passeggeri annuali, superato solamente da quello di Catania, ed \u00e8 stato completato intorno al 1960. Viaggiare da e verso l\u2019aeroporto, considerata la lontananza [&#8230;]<\/p>\n<p><a class=\"btn btn-secondary understrap-read-more-link\" href=\"https:\/\/www.sicily-transfer.com\/it\/palermo-airport-transfer\/transfer-from-palermo-airport-to-cefalu\/\">Leggi di pi\u00f9&#8230;<\/a><\/p>\n","protected":false},"author":1,"featured_media":0,"parent":292,"menu_order":0,"comment_status":"closed","ping_status":"closed","template":"page-templates\/transfer-new-pa-single.php","meta":{"footnotes":""},"aioseo_notices":[],"_links":{"self":[{"href":"https:\/\/www.sicily-transfer.com\/it\/wp-json\/wp\/v2\/pages\/394"}],"collection":[{"href":"https:\/\/www.sicily-transfer.com\/it\/wp-json\/wp\/v2\/pages"}],"about":[{"href":"https:\/\/www.sicily-transfer.com\/it\/wp-json\/wp\/v2\/types\/page"}],"author":[{"embeddable":true,"href":"https:\/\/www.sicily-transfer.com\/it\/wp-json\/wp\/v2\/users\/1"}],"replies":[{"embeddable":true,"href":"https:\/\/www.sicily-transfer.com\/it\/wp-json\/wp\/v2\/comments?post=394"}],"version-history":[{"count":2,"href":"https:\/\/www.sicily-transfer.com\/it\/wp-json\/wp\/v2\/pages\/394\/revisions"}],"predecessor-version":[{"id":414,"href":"https:\/\/www.sicily-transfer.com\/it\/wp-json\/wp\/v2\/pages\/394\/revisions\/414"}],"up":[{"embeddable":true,"href":"https:\/\/www.sicily-transfer.com\/it\/wp-json\/wp\/v2\/pages\/292"}],"wp:attachment":[{"href":"https:\/\/www.sicily-transfer.com\/it\/wp-json\/wp\/v2\/media?parent=394"}],"curies":[{"name":"wp","href":"https:\/\/api.w.org\/{rel}","templated":true}]}}