{"id":314,"date":"2020-03-16T10:01:15","date_gmt":"2020-03-16T09:01:15","guid":{"rendered":"http:\/\/www.sicily-transfer.com\/?page_id=314"},"modified":"2020-03-16T11:03:56","modified_gmt":"2020-03-16T10:03:56","slug":"tours-excursions","status":"publish","type":"page","link":"https:\/\/www.sicily-transfer.com\/it\/tours-excursions\/","title":{"rendered":"Tour ed escursioni"},"content":{"rendered":"Lo vedete dall&#8217;aereo mentre atterrate &#8230; <strong>maestoso, immenso, fumante, possente.<\/strong> Pensate che sia quasi irraggiungibile, e anche se morite dalla voglia di vederlo non ne avrete il tempo, dato che dovrete visitare tanti altri bei luoghi della Sicilia. Ma come si pu\u00f2 rinunciare all&#8217;<strong>Etna, il vulcano attivo pi\u00f9 alto d&#8217;Europa<\/strong>? Quello che i geologi definiscono senza remore &#8220;il vulcano pi\u00f9 bello del mondo&#8221;?<\/p>\n<p>Non dovrete infatti rinunciarvi. <strong>L&#8217;Etna fa parte del paesaggio e di qualsiasi itinerario<\/strong> siciliano voi scegliate. Potete tranquillamente soggiornare in pieno centro<strong> a Catania<\/strong>, nei borghi della provincia, oppure sulle spiagge dorate di<strong> Taormina<\/strong> e raggiungere il vulcano in breve tempo. Potete inserirlo in un itinerario di mezza giornata, senza perdere per questo altri percorsi turistici.<\/p>\n<h2>Da Catania alla cima del vulcano<\/h2>\n<p><img loading=\"lazy\" decoding=\"async\" class=\"wp-image-8888 alignleft\" src=\"https:\/\/www.go-etna.it\/wp-content\/uploads\/2020\/02\/etna-escursioni_-2.jpg\" alt=\"etna escursioni_ (2)\" width=\"354\" height=\"236\" \/>Catania \u00e8 una splendida &#8220;signora&#8221; ricca che esprime la propria bellezza con i <strong>riccioli di pietra di un barocco settecentesco.<\/strong> Una citt\u00e0 che alterna il bianco e il nero, l&#8217;austera eleganza di una piccola capitale e la allegra follia di <strong>mercati popolari, pub alternativi, spettacoli<\/strong> di artisti di strada. L&#8217;Etna domina la sua via principale, lunga circa 3 chilometri, che porta il nome inequivocabile di Via Etnea.<\/p>\n<p>Se alloggiate a Catania ammirerete la <strong>piazza del Duomo<\/strong>, con la cattedrale di Sant&#8217;Agata, la fontana dell&#8217;<strong>Elefante<\/strong>, la fontana dell&#8217;Amenano, la folkloristica Pescheria. Visiterete l&#8217;incanto barocco di Via dei Crociferi, o la magnificenza del <strong>Monastero dei Benedettini.<\/strong> L&#8217;affascinante <strong>Porta Garibaldi,<\/strong> ex Porta Ferdinandea, con il suo altissimo arco di pietra lavica e pietra bianca corona la cima di Via Garibaldi. E poi le passeggiate a Villa Bellini, quelle sul Lungomare o al borgo di San Giovanni Li Cuti &#8230;<\/p>\n<p><strong>Ovunque alloggiate a Catania, <a href=\"https:\/\/www.go-etna.it\/escursioni-sicilia\/\">potrete raggiungere l&#8217;Etna<\/a><\/strong> &#8211; fino alla sua cima &#8211; con una escursione in fuoristrada che occuper\u00e0 solo met\u00e0 della vostra giornata. La combinazione fuoristrada-funivia vi permetter\u00e0 di <strong>arrivare ai piedi dei crateri principali<\/strong> del vulcano comodamente, ammirando dal finestrino i pi\u00f9 bei panorami della costa orientale dall&#8217;alto. La caratteristica del fianco est dell&#8217;Etna \u00e8 la <strong>Valle del Bove,<\/strong> grande deserto lavico dal quale emergono i residui rocciosi di un vulcano preistorico. Uno scenario imperdibile!<\/p>\n<h2>Escursioni Etna da Catania<\/h2>\n<ul>\n<li><a href=\"https:\/\/www.go-etna.it\/escursioni-sicilia\/escursione-etna-jeep\/\" rel=\"noopener noreferrer\" target=\"_blank\">Escursioni Etna in fuoristrada \u2013 Etna Jeep Tour<\/a><\/li>\n<li><a href=\"https:\/\/www.go-etna.it\/escursioni-sicilia\/emozione-etna-a-3000metri\/\" rel=\"noopener noreferrer\" target=\"_blank\">Emozione Etna a 3000 metri \u2013 Escursione Etna Funivia<\/a><\/li>\n<li><a href=\"https:\/\/www.go-etna.it\/escursioni-sicilia\/trekking-sull-etna\/\" rel=\"noopener noreferrer\" target=\"_blank\">Etna trekking crateri sommitali a 3350m<\/a><\/li>\n<li><a href=\"https:\/\/www.go-etna.it\/tour-vino-sicilia\/tour-etna-e-degustazione-vini\/\" rel=\"noopener noreferrer\" target=\"_blank\">Escursione Etna e degustazione Vini \u2013 Etna e Vino<\/a><\/li>\n<\/ul>\n<h2>Taormina e il fianco nord dell&#8217;Etna<\/h2>\n<p><strong>Taormina conserva il fascino di un antico borgo<\/strong> medievale unito alla bellezza di un luogo esotico. Le sue viuzze lastricate di pietra, strette tra negozietti e ristoranti, si interrompono di tanto in tanto con piazze panoramiche che si affacciano <strong>sulla Baia di Naxos o sull&#8217;Isola Bella.<\/strong> L&#8217;Etna domina lo scenario, e si lascia &#8220;inquadrare&#8221; dalle rovine del <strong>Teatro Greco-Romano<\/strong> in una cartolina che non ci si <img loading=\"lazy\" decoding=\"async\" class=\"wp-image-8889 alignright\" src=\"https:\/\/www.go-etna.it\/wp-content\/uploads\/2020\/02\/etna-escursioni_-1.jpg\" alt=\"etna escursioni_ (1)\" width=\"374\" height=\"249\" \/>stanca mai di ammirare.<\/p>\n<p>Da Taormina sono tanti gli itinerari che si possono seguire, ma il pi\u00f9 suggestivo \u00e8 quello che vi porta <strong>in cima all&#8217;Etna<\/strong> <strong>salendo dal fianco nord.<\/strong> Scendendo da Taormina, infatti, si pu\u00f2 imboccare la strada che collega Giardini Naxos alle bellissime <strong>Gole dell&#8217;Alcantara<\/strong>. Da qui si sale verso Castiglione di Sicilia e poi verso <strong>Linguaglossa<\/strong> &#8230; la porta settentrionale dell&#8217;Etna. Transitando da boschi e radure si raggiungono luoghi unici come il Rifugio Ragabo, il Rifugio Citelli, gli impianti sciistici di <strong>Piano Provenzana.<\/strong><\/p>\n<p>Da Piano Provenzana sar\u00e0 possibile, nello stesso giorno, salire in cima al vulcano o proseguire alla scoperta di<strong> ulteriori luoghi suggestivi<\/strong> verso est o verso il fianco ovest, il regno delle fragole di Maletto e dei Pistacchi di Bronte.<\/p>\n<h2>Escursioni Etna da Taormina<\/h2>\n<ul>\n<li><a href=\"https:\/\/www.go-etna.it\/escursioni-sicilia\/escursione-etna-jeep\/\" rel=\"noopener noreferrer\" target=\"_blank\">Escursioni Etna in fuoristrada \u2013 Etna Jeep Tour<\/a><\/li>\n<li><a href=\"https:\/\/www.go-etna.it\/escursioni-sicilia\/emozione-etna-a-3000metri\/\" rel=\"noopener noreferrer\" target=\"_blank\">Emozione Etna a 3000 metri \u2013 Escursione Etna Funivia<\/a><\/li>\n<li><a href=\"https:\/\/www.go-etna.it\/escursioni-sicilia\/trekking-sull-etna\/\" rel=\"noopener noreferrer\" target=\"_blank\">Etna trekking crateri sommitali a 3350m<\/a><\/li>\n<li><a href=\"https:\/\/www.go-etna.it\/tour-vino-sicilia\/tour-etna-e-degustazione-vini\/\" rel=\"noopener noreferrer\" target=\"_blank\">Escursione Etna e degustazione Vini \u2013 Etna e Vino<\/a><\/li>\n<\/ul>","protected":false},"excerpt":{"rendered":"<p>Ci spiace, ma questo articolo \u00e8 disponibile soltanto in English. [&#8230;]<\/p>\n<p><a class=\"btn btn-secondary understrap-read-more-link\" href=\"https:\/\/www.sicily-transfer.com\/it\/tours-excursions\/\">Leggi di pi\u00f9&#8230;<\/a><\/p>\n","protected":false},"author":1,"featured_media":0,"parent":0,"menu_order":0,"comment_status":"closed","ping_status":"closed","template":"","meta":{"footnotes":""},"aioseo_notices":[],"_links":{"self":[{"href":"https:\/\/www.sicily-transfer.com\/it\/wp-json\/wp\/v2\/pages\/314"}],"collection":[{"href":"https:\/\/www.sicily-transfer.com\/it\/wp-json\/wp\/v2\/pages"}],"about":[{"href":"https:\/\/www.sicily-transfer.com\/it\/wp-json\/wp\/v2\/types\/page"}],"author":[{"embeddable":true,"href":"https:\/\/www.sicily-transfer.com\/it\/wp-json\/wp\/v2\/users\/1"}],"replies":[{"embeddable":true,"href":"https:\/\/www.sicily-transfer.com\/it\/wp-json\/wp\/v2\/comments?post=314"}],"version-history":[{"count":8,"href":"https:\/\/www.sicily-transfer.com\/it\/wp-json\/wp\/v2\/pages\/314\/revisions"}],"predecessor-version":[{"id":341,"href":"https:\/\/www.sicily-transfer.com\/it\/wp-json\/wp\/v2\/pages\/314\/revisions\/341"}],"wp:attachment":[{"href":"https:\/\/www.sicily-transfer.com\/it\/wp-json\/wp\/v2\/media?parent=314"}],"curies":[{"name":"wp","href":"https:\/\/api.w.org\/{rel}","templated":true}]}}