{"id":404,"date":"2020-03-18T14:05:33","date_gmt":"2020-03-18T13:05:33","guid":{"rendered":"https:\/\/www.sicily-transfer.com\/?page_id=404"},"modified":"2021-11-26T11:36:06","modified_gmt":"2021-11-26T10:36:06","slug":"coronavirus-covid-19-safety-and-prevention-measures","status":"publish","type":"page","link":"https:\/\/www.sicily-transfer.com\/fr\/coronavirus-covid-19-safety-and-prevention-measures\/","title":{"rendered":"Coronavirus (COVID-19) Mesures de s\u00e9curit\u00e9 et de pr\u00e9vention"},"content":{"rendered":"&nbsp;<br \/>\n&nbsp;<\/p>\n<h2>Coronavirus (COVID-19) Mesures de s\u00e9curit\u00e9 et de pr\u00e9vention<\/h2>\n<p style=\"font-size: 20px;\">Nous souhaitons rassurer nos clients sur le fait que nous avons envoy\u00e9 \u00e0 tous nos chauffeurs les recommandations de l\u2019Organisation mondiale de la sant\u00e9 concernant les mesures de protection essentielles contre le nouveau coronavirus (COVID-19). Assurer votre sant\u00e9 et votre s\u00e9curit\u00e9, ainsi que celles de nos chauffeurs, est notre priorit\u00e9 absolue.<\/p>\n<p>&nbsp;<\/p>\n<hr \/>\n<div class=\"alert alert-info\"> <\/p>\n<h3><i class=\"fal fa-virus-slash\"><\/i> D\u00e9sinfection des v\u00e9hicules<\/h3>\n<p style=\"font-size: 20px;\">Nous d\u00e9sinfectons nos v\u00e9hicules chaque jour avec la technologie \u00e0 l&rsquo;ozone ou aux ultraviolets qui tue les bact\u00e9ries et les virus jusqu&rsquo;\u00e0 99,8%.<\/p>\n<\/div>\n<hr \/>\n<p>&nbsp;<\/p>\n<h2>Mesures de s\u00e9curit\u00e9 et de pr\u00e9vention<\/h2>\n<p>&nbsp;<br \/>\n<div class=\"row\">    <div class=\"col-md-6\">\n<ul>\n<li>Se laver r\u00e9guli\u00e8rement les mains.<\/li>\n<li>Avoir toujours du gel antibact\u00e9rien dans le v\u00e9hicule, \u00e0 la fois pour eux et leurs passagers.<\/li>\n<li>Essuyer r\u00e9guli\u00e8rement les surfaces avec du spray ou des lingettes nettoyantes.<\/li>\n<\/ul>\n<\/div>    <div class=\"col-md-6\">\n<ul>\n<li>Maintenir une distance sociale dans la mesure du possible.<\/li>\n<li>\u00c9viter de se toucher les yeux, le nez et la bouche.<\/li>\n<li>Respecter les r\u00e8gles d\u2019hygi\u00e8ne respiratoire : se couvrir la bouche et le nez avec le pli du coude ou avec un mouchoir en cas de toux ou d\u2019\u00e9ternuement. Jeter le mouchoir imm\u00e9diatement apr\u00e8s.<\/li>\n<\/ul>\n<\/div><\/div>\n<hr \/>\n<div class=\"alert alert-success\"> <\/p>\n<h2>Politique d\u2019annulation des 24 heures<\/h2>\n<p>Dans le contexte actuel, nous sommes conscients que votre itin\u00e9raire de voyage peut changer de mani\u00e8re inattendue et que cette flexibilit\u00e9 est essentielle lorsque l\u2019on voyage. Pour que vous puissiez avoir l\u2019esprit tranquille tout en restant libre de choisir, nous vous rappelons que vous pouvez annuler votre r\u00e9servation sans frais, avec remboursement int\u00e9gral, \u00e0 tout moment dans les 24 heures avant l\u2019heure pr\u00e9vue de votre transfert. Pour plus d\u2019informations sur notre politique d\u2019annulation, veuillez consulter notre page de conditions g\u00e9n\u00e9rales.<\/div>\n<hr \/>\n<p>&nbsp;<\/p>\n<h3>Updates and protective measures from the World Health Organization<\/h3>\n<p><a href=\"https:\/\/www.who.int\/emergencies\/diseases\/novel-coronavirus-2019\" target=\"_blank\" rel=\"noopener noreferrer\">World Health Organization updates and latest news<\/a><br \/>\n<a href=\"https:\/\/www.who.int\/emergencies\/diseases\/novel-coronavirus-2019\/advice-for-public\" target=\"_blank\" rel=\"noopener noreferrer\">Basic protective measures<\/a>","protected":false},"excerpt":{"rendered":"<p>&nbsp; &nbsp; Coronavirus (COVID-19) Mesures de s\u00e9curit\u00e9 et de pr\u00e9vention Nous souhaitons rassurer nos clients sur le fait que nous avons envoy\u00e9 \u00e0 tous nos chauffeurs les recommandations de l\u2019Organisation mondiale de la sant\u00e9 concernant les mesures de protection essentielles contre le nouveau coronavirus (COVID-19). Assurer votre sant\u00e9 et votre s\u00e9curit\u00e9, ainsi que celles de [&#8230;]<\/p>\n<p><a class=\"btn btn-secondary understrap-read-more-link\" href=\"https:\/\/www.sicily-transfer.com\/fr\/coronavirus-covid-19-safety-and-prevention-measures\/\">Lire la suite&#8230;<\/a><\/p>\n","protected":false},"author":1,"featured_media":0,"parent":0,"menu_order":0,"comment_status":"closed","ping_status":"closed","template":"page-templates\/fullwidthpagenohome.php","meta":{"footnotes":""},"aioseo_notices":[],"_links":{"self":[{"href":"https:\/\/www.sicily-transfer.com\/fr\/wp-json\/wp\/v2\/pages\/404"}],"collection":[{"href":"https:\/\/www.sicily-transfer.com\/fr\/wp-json\/wp\/v2\/pages"}],"about":[{"href":"https:\/\/www.sicily-transfer.com\/fr\/wp-json\/wp\/v2\/types\/page"}],"author":[{"embeddable":true,"href":"https:\/\/www.sicily-transfer.com\/fr\/wp-json\/wp\/v2\/users\/1"}],"replies":[{"embeddable":true,"href":"https:\/\/www.sicily-transfer.com\/fr\/wp-json\/wp\/v2\/comments?post=404"}],"version-history":[{"count":2,"href":"https:\/\/www.sicily-transfer.com\/fr\/wp-json\/wp\/v2\/pages\/404\/revisions"}],"predecessor-version":[{"id":440,"href":"https:\/\/www.sicily-transfer.com\/fr\/wp-json\/wp\/v2\/pages\/404\/revisions\/440"}],"wp:attachment":[{"href":"https:\/\/www.sicily-transfer.com\/fr\/wp-json\/wp\/v2\/media?parent=404"}],"curies":[{"name":"wp","href":"https:\/\/api.w.org\/{rel}","templated":true}]}}