{"id":391,"date":"2020-03-18T11:37:26","date_gmt":"2020-03-18T10:37:26","guid":{"rendered":"https:\/\/www.sicily-transfer.com\/?page_id=391"},"modified":"2021-11-26T11:36:06","modified_gmt":"2021-11-26T10:36:06","slug":"transfer-from-palermo-airport-to-monreale","status":"publish","type":"page","link":"https:\/\/www.sicily-transfer.com\/fr\/palermo-airport-transfer\/transfer-from-palermo-airport-to-monreale\/","title":{"rendered":"Transfert de l&rsquo;a\u00e9roport de Palerme \u00e0 Monreale"},"content":{"rendered":"<h2>Falcone\u2013Borsellino Aeroport &#8211; Transfert de l&rsquo;a\u00e9roport de Palerme \u00e0 Monreale<\/h2>\n<p>Fournir des services <strong>Falcone\u2013Borsellino Aeroport<\/strong> des transferts sans tracas sept jours par semaine, <strong>Sicily-Transfer<\/strong> est le premier le site Web du monde pour r\u00e9server <strong>les transferts a\u00e9roport<\/strong>. Nous sommes sp\u00e9cialis\u00e9s dans les transferts vers et en provenance des a\u00e9roports du monde entier et de travailler avec le meilleur groupe de chauffeurs et les voitures. <strong>R\u00e9servez votre prochain Falcone\u2013Borsellino Aeroport transfert<\/strong> et gagner du temps et de l&rsquo;argent lors de votre prochain voyage avec Sicily-Transfer.<br \/>\n(https:\/\/www.sicily-transfer.com\/fr\/palermo-airport-transfer\/transfer-from-palermo-airport-to-monreale\/)<\/p>\n<p><img loading=\"lazy\" decoding=\"async\" src=\"https:\/\/www.sicily-transfer.com\/wp-content\/uploads\/2020\/03\/chiostro-monreale-palermo-sicily-3-300x200.jpg\" alt=\"Transfert de l&rsquo;a\u00e9roport de Palerme \u00e0 Monreale\" width=\"300\" height=\"200\" class=\"alignleft size-medium wp-image-411\" srcset=\"https:\/\/www.sicily-transfer.com\/wp-content\/uploads\/2020\/03\/chiostro-monreale-palermo-sicily-3-300x200.jpg 300w, https:\/\/www.sicily-transfer.com\/wp-content\/uploads\/2020\/03\/chiostro-monreale-palermo-sicily-3-1024x683.jpg 1024w, https:\/\/www.sicily-transfer.com\/wp-content\/uploads\/2020\/03\/chiostro-monreale-palermo-sicily-3-768x512.jpg 768w, https:\/\/www.sicily-transfer.com\/wp-content\/uploads\/2020\/03\/chiostro-monreale-palermo-sicily-3.jpg 1120w\" sizes=\"(max-width: 300px) 100vw, 300px\" \/><\/p>\n<h2>Transfert de l&rsquo;a\u00e9roport de Palerme \u00e0 Monreale<\/h2>\n<p>Pour un transfert, confortable et abordable Falcone\u2013Borsellino Aeroport, faites confiance \u00e0 Sicily-Transfer. En plus des transferts \u00e0 vos r\u00e9unions d&rsquo;affaires ou \u00e0 l&rsquo;h\u00f4tel, nous pouvons \u00e9galement fournir <strong>un transfert de Falcone\u2013Borsellino Aeroport<\/strong> \u00e0 pratiquement tout endroit o\u00f9 vous devez \u00eatre. Cela inclut le transport pour les petits et les grands groupes. Nous fournissons \u00e9galement des v\u00e9hicules plus grands qui sont id\u00e9ales pour les familles et les groupes d&rsquo;amis. Que vous soyez \u00e0 votre destination pour une escapade ou pour faire des affaires, nous avons un v\u00e9hicule qui convient \u00e0 votre budget. Plus important encore, nos chauffeurs vous assurer que vous atteignez votre destination \u00e0 temps et avec aussi le moins de tracas possible. Nous nous effor\u00e7ons de r\u00e9duire le stress de voyager vers et depuis l&rsquo;a\u00e9roport, en vous donnant plus de temps pour profiter de vos vacances ou de pr\u00e9parer pour vos r\u00e9unions d&rsquo;affaires.<\/p>\n<h2>Falcone\u2013Borsellino Aeroport Des Transferts avec Sicily-Transfer<\/h2>\n<p>Sicily-Transfer est disponible 24 heures par jour, fournissant des d\u00e9tails en temps r\u00e9el sur les v\u00e9hicules disponibles et acceptent les r\u00e9servations facilement.<strong> Nous offrons une r\u00e9servation facile en ligne<\/strong> pour votre <strong>transfert de Falcone\u2013Borsellino Aeroport<\/strong>. Nous sommes fiers de fournir des prix bas sans compromettre notre service \u00e0 la client\u00e8le. Les modifications et annulations de votre transfert de Falcone\u2013Borsellino Aeroport sont aussi sans tracas, vous donnant la meilleure flexibilit\u00e9 possible dans le cas o\u00f9 vos plans de voyage changent. Une fois que vous r\u00e9servez votre Falcone\u2013Borsellino Aeroport taxi, vous rencontrez simplement votre chauffeur \u00e0 l&rsquo;arriv\u00e9e.","protected":false},"excerpt":{"rendered":"<p>Falcone\u2013Borsellino Aeroport &#8211; Fournir des services Falcone\u2013Borsellino Aeroport des transferts sans tracas sept jours par semaine, Sicily-Transfer est le premier le site Web du monde pour r\u00e9server les transferts a\u00e9roport. Nous sommes sp\u00e9cialis\u00e9s dans les transferts vers et en provenance des a\u00e9roports du monde entier et de travailler avec le meilleur groupe de chauffeurs et [&#8230;]<\/p>\n<p><a class=\"btn btn-secondary understrap-read-more-link\" href=\"https:\/\/www.sicily-transfer.com\/fr\/palermo-airport-transfer\/transfer-from-palermo-airport-to-monreale\/\">Lire la suite&#8230;<\/a><\/p>\n","protected":false},"author":1,"featured_media":0,"parent":292,"menu_order":0,"comment_status":"closed","ping_status":"closed","template":"page-templates\/transfer-new-pa-single.php","meta":{"footnotes":""},"aioseo_notices":[],"_links":{"self":[{"href":"https:\/\/www.sicily-transfer.com\/fr\/wp-json\/wp\/v2\/pages\/391"}],"collection":[{"href":"https:\/\/www.sicily-transfer.com\/fr\/wp-json\/wp\/v2\/pages"}],"about":[{"href":"https:\/\/www.sicily-transfer.com\/fr\/wp-json\/wp\/v2\/types\/page"}],"author":[{"embeddable":true,"href":"https:\/\/www.sicily-transfer.com\/fr\/wp-json\/wp\/v2\/users\/1"}],"replies":[{"embeddable":true,"href":"https:\/\/www.sicily-transfer.com\/fr\/wp-json\/wp\/v2\/comments?post=391"}],"version-history":[{"count":2,"href":"https:\/\/www.sicily-transfer.com\/fr\/wp-json\/wp\/v2\/pages\/391\/revisions"}],"predecessor-version":[{"id":412,"href":"https:\/\/www.sicily-transfer.com\/fr\/wp-json\/wp\/v2\/pages\/391\/revisions\/412"}],"up":[{"embeddable":true,"href":"https:\/\/www.sicily-transfer.com\/fr\/wp-json\/wp\/v2\/pages\/292"}],"wp:attachment":[{"href":"https:\/\/www.sicily-transfer.com\/fr\/wp-json\/wp\/v2\/media?parent=391"}],"curies":[{"name":"wp","href":"https:\/\/api.w.org\/{rel}","templated":true}]}}