{"id":314,"date":"2020-03-16T10:01:15","date_gmt":"2020-03-16T09:01:15","guid":{"rendered":"http:\/\/www.sicily-transfer.com\/?page_id=314"},"modified":"2020-03-16T11:03:56","modified_gmt":"2020-03-16T10:03:56","slug":"tours-excursions","status":"publish","type":"page","link":"https:\/\/www.sicily-transfer.com\/fr\/tours-excursions\/","title":{"rendered":"Tours &#038; Excursions"},"content":{"rendered":"Vous le voyez depuis l&rsquo;avion, \u00e0 votre arriv\u00e9e. <strong>Grand, \u00e9norme, puissant, fumant<\/strong> &#8230; il semble impossible \u00e0 atteindre. Bien que vous souhaitiez vraiment le visiter, vous pourriez ne pas avoir le temps car vous devez voir de nombreux autres endroits en Sicile. <strong>Mais comment pouvez-vous manquer l&rsquo;Etna, le plus haut volcan actif d&rsquo;Europe?<\/strong> Le plus beau volcan du monde?<\/p>\n<p>Eh bien, vous ne devrez pas! <strong>Le mont Etna fait partie du paysage<\/strong> et fait partie de tous itin\u00e9raires siciliens que vous choisissez. Vous restez peut-\u00eatre <strong>\u00e0 Catane<\/strong>, dans l&rsquo;une des villes environnantes, pr\u00e8s des belles plages dor\u00e9es de <strong>Taormina<\/strong> &#8230; pas de probl\u00e8me du tout. Il est possible de vous rendre au volcan en peu de temps. On peut mettre l&rsquo;Etna dans n&rsquo;importe quelle route touristique d&rsquo;une demi-journ\u00e9e et ne jamais manquer d&rsquo;autres endroits qui valent le d\u00e9tour.<\/p>\n<h2><!--more--><\/h2>\n<h2>\nDe Catane au sommet de l&rsquo;Etna<\/h2>\n<p><strong><img loading=\"lazy\" decoding=\"async\" class=\"wp-image-9817 alignleft\" src=\"https:\/\/www.go-etna.fr\/wp-content\/uploads\/2020\/02\/etna-escursioni_-2.jpg\" alt=\"etna les excursions2\" width=\"357\" height=\"238\" \/>Catane<\/strong> est une magnifique \u00ab\u00a0dame\u00a0\u00bb riche qui exprime sa beaut\u00e9 avec les boucles de pierre d&rsquo;un baroque du 18\u00e8me si\u00e8cle. <strong>Une ville qui alterne noir et blanc,<\/strong> l&rsquo;\u00e9l\u00e9gance d&rsquo;une petite capitale et la folie joyeuse des march\u00e9s populaires, des pubs alternatifs, des artistes de rue. <strong>Le mont Etna domine sa rue principale,<\/strong> longue d&rsquo;environ 3 kilom\u00e8tres, qui porte le nom sans \u00e9quivoque de la rue Etnea.<\/p>\n<p>Si vous s\u00e9journez \u00e0 Catane, vous admirerez <strong>la place de la cath\u00e9drale, avec la cath\u00e9drale Sainte-Agathe<\/strong> et la fontaine de l&rsquo;<strong>\u00e9l\u00e9phant<\/strong>. La fontaine Amenano et le march\u00e9 aux poissons. Vous verrez le charme baroque de <strong>la rue Crociferi ou la magnificence du monast\u00e8re b\u00e9n\u00e9dictin<\/strong>. La fascinante porte <strong>Porta Garibaldi<\/strong> est \u00e9galement connue sous le nom de Porta Ferdinandea. Avec sa tr\u00e8s haute arche de pierre de lave et de pierre blanche, elle couronne le sommet de la rue Garibaldi. Et puis les promenades \u00e0 la <strong>Villa Bellini,<\/strong> celles sur le Lungomare ou au village de San Giovanni Li Cuti &#8230;<\/p>\n<p>O\u00f9 que vous s\u00e9journiez \u00e0 Catane, <strong>vous <a href=\"https:\/\/www.go-etna.fr\/visites-etna-et-sicile\/\">pouvez atteindre l&rsquo;Etna<\/a> &#8211; jusqu&rsquo;au sommet &#8211;<\/strong> avec une excursion en jeep qui ne prendra que la moiti\u00e9 de votre journ\u00e9e. La combinaison jeep et t\u00e9l\u00e9ph\u00e9rique vous permettra de vous rendre confortablement <strong>au pied des crat\u00e8res principaux.<\/strong> Vous admirerez les plus belles vues de la c\u00f4te est d&rsquo;en haut. La caract\u00e9ristique du flanc oriental de l&rsquo;Etna est <strong>la Valle del Bove,<\/strong> un grand d\u00e9sert de lave d&rsquo;o\u00f9 \u00e9mergent les restes rocheux d&rsquo;un volcan pr\u00e9historique. Un sc\u00e9nario incroyable!<\/p>\n<h2>Taormina et le c\u00f4t\u00e9 nord de l&rsquo;Etna<\/h2>\n<p><strong>Taormina conserve le charme d&rsquo;un ancien village m\u00e9di\u00e9val<\/strong> combin\u00e9 \u00e0 la beaut\u00e9 d&rsquo;un lieu exotique. Ses ruelles pav\u00e9es de pierre s&rsquo;\u00e9tendent entre des rang\u00e9es de boutiques et de restaurants, parfois interrompues par des places panoramiques surplombant <strong>la baie de Naxos ou Isola Bella<\/strong>. L&rsquo;Etna domine le paysage et se laisse \u00ab\u00a0encadrer\u00a0\u00bb par les ruines <strong>du th\u00e9\u00e2tre gr\u00e9co-romain.<\/strong> Une carte <img loading=\"lazy\" decoding=\"async\" class=\"wp-image-9818 alignright\" src=\"https:\/\/www.go-etna.fr\/wp-content\/uploads\/2020\/02\/etna-escursioni_-1.jpg\" alt=\"etna les excursions3\" width=\"360\" height=\"240\" \/>postale que tout le monde aime.<\/p>\n<p><strong>De Taormina, on a nombreux itin\u00e9raires<\/strong> qui peuvent \u00eatre suivis. Mais le plus suggestif est celui qui vous emm\u00e8ne au sommet de l&rsquo;Etna depuis le flanc nord. En descendant de Taormina, en fait, vous pouvez prendre la route qui relie Giardini Naxos aux magnifiques <strong>gorges de l&rsquo;Alcantara.<\/strong> De l\u00e0, vous montez vers Castiglione di Sicilia puis vers <strong>Linguaglossa<\/strong> &#8230; la porte nord du mont Etna. En passant par les bois et les clairi\u00e8res, vous atteindrez des endroits uniques tels que le refuge Ragabo, le refuge Citelli, les stations de ski de <strong>Piano Provenzana.<\/strong><\/p>\n<p>Depuis Piano Provenzana, <strong>il sera possible, le m\u00eame jour, de monter au sommet du volcan<\/strong>. Ou vous pouvez aller d\u00e9couvrir d&rsquo;autres endroits suggestifs vers l&rsquo;est ou le flanc ouest, le royaume des fraises de Maletto et de Bronte et ses pr\u00e9cieuses pistaches.<\/p>\n<h2>Comment visiter Etna?<\/h2>\n<p><img loading=\"lazy\" decoding=\"async\" class=\"alignright size-medium wp-image-7910\" src=\"https:\/\/www.go-etna.fr\/wp-content\/uploads\/2010\/12\/Etna-Excursion-09-300x300.jpg\" alt=\"Excursion Etna\" width=\"200\" height=\"200\" \/><strong>L&rsquo;Etna est devenue un arr\u00eat touristique<\/strong> presque obligatoire parmi les diff\u00e9rentes attractions historiques et culturelles de la Sicile. <strong>La montagne offre de nombreuses possibilit\u00e9s<\/strong> car il existe de nombreuses agences qui proposent des activit\u00e9s sur le volcan : des tour-op\u00e9rateurs avec leurs forfaits tout compris aux agences locales o\u00f9 vous pouvez r\u00e9server \u00e0 l&rsquo;heure. Il est \u00e9galement possible de visiter l&rsquo;Etna de mani\u00e8re ind\u00e9pendante, mais les avantages d&rsquo;une excursion guid\u00e9e sont tr\u00e8s nombreux.<\/p>\n<p>Go-Etna propose des excursions organis\u00e9es avec des guides professionnels en langue. Les sentiers \u00e9tudi\u00e9s par l&rsquo;\u00e9quipe <strong>Go-Etna vous permettront d&rsquo;explorer les merveilles de l&rsquo;Etna<\/strong>, ses grottes de lave, ses crat\u00e8res volcaniques d\u00e9couvrant les myst\u00e8res et les curiosit\u00e9s du plus haut volcan actif d&rsquo;Europe.<\/p>\n<h2 class=\"widget-title\">Excursions Etna<\/h2>\n<div class=\"menu-escursioni-etna-container\">\n<ul id=\"menu-escursioni-etna\" class=\"menu\">\n<li id=\"menu-item-4670\" class=\"menu-item menu-item-type-post_type menu-item-object-page menu-item-4670\"><a href=\"https:\/\/www.go-etna.fr\/visites-etna-et-sicile\/ascension-etna-jeep\/\">Excursion en jeep sur l\u2019Etna<\/a><\/li>\n<li id=\"menu-item-7571\" class=\"menu-item menu-item-type-post_type menu-item-object-page menu-item-7571\"><a href=\"https:\/\/www.go-etna.fr\/etna-taormina-excursion-etna-tour\/\">Etna et Taormina Excursion \u2013 Etna Tour<\/a><\/li>\n<li id=\"menu-item-4678\" class=\"menu-item menu-item-type-post_type menu-item-object-page menu-item-4678\"><a href=\"https:\/\/www.go-etna.fr\/visite-etna-croisiere-catane\/\">Excursion Etna de Croisi\u00e8re<\/a><\/li>\n<li id=\"menu-item-5736\" class=\"menu-item menu-item-type-post_type menu-item-object-page menu-item-5736\"><a href=\"https:\/\/www.go-etna.fr\/trekking-etna-sicile\/\">Trekking Etna \u2013 Ascension Sommet Etna<\/a><\/li>\n<li id=\"menu-item-4694\" class=\"menu-item menu-item-type-post_type menu-item-object-page menu-item-4694\"><a href=\"https:\/\/www.go-etna.fr\/emotion-etna-3000-metres\/\">Emotion Etna 3000 metres<\/a><\/li>\n<li id=\"menu-item-4669\" class=\"menu-item menu-item-type-post_type menu-item-object-page menu-item-4669\"><a href=\"https:\/\/www.go-etna.fr\/visites-etna-et-sicile\/excursion-pendant-eruption\/\">Visitez l\u2019Etna en \u00e9ruption<\/a><\/li>\n<li id=\"menu-item-4681\" class=\"menu-item menu-item-type-post_type menu-item-object-page menu-item-4681\"><a href=\"https:\/\/www.go-etna.fr\/tour-et-degustation-vins-sicilien\/\">Sicilie et Vin<\/a><\/li>\n<\/ul>\n<\/div>\n<h3>Excursion \u00e0 l&rsquo;Etna avec guide fran\u00e7ais<\/h3>\n<p><strong>Go-Etna<\/strong> propose des excursions organis\u00e9es avec des <strong>guides professionnels en langue<\/strong>. Les chemins \u00e9tudi\u00e9s par l&rsquo;\u00e9quipe Go-Etna vous permettront d&rsquo;explorer les merveilles de l&rsquo;Etna, ses <strong>grottes de lave<\/strong>, ses <strong>crat\u00e8res volcaniques<\/strong> et de d\u00e9couvrir les myst\u00e8res et les curiosit\u00e9s du plus haut volcan actif d&rsquo;Europe.<\/p>\n<p>Visitez le plus haut volcan d&rsquo;Europe. <a href=\"https:\/\/www.go-etna.fr\/visites-etna-et-sicile\/ascension-etna-jeep\/\">Tour Etna<\/a> pour les voyageurs en croisi\u00e8re. Itin\u00e9raires gastronomiques et visites des vignobles Siciliens. Parcours sur la route du vin de l&rsquo;Etna. D\u00e9couverte de la Sicile baroque, visite de <a href=\"https:\/\/www.go-etna.fr\/visite-syracuse-noto\/\">Noto, Oasis Vendicari, Ortigia et Syracuse<\/a>. <a href=\"https:\/\/www.go-etna.fr\/visites-etna-et-sicile\/ascension-etna-jeep\/\"><strong>Excursions Etna avec guide en fran\u00e7ais<\/strong><\/a> et Trekking sommet Etna. Visiter l&rsquo;etna en voiture<\/p>\n<h1>Conseils pour les excursions Etna<\/h1>\n<h2>Les v\u00eatements recommand\u00e9s pour visiter l&rsquo;Etna<\/h2>\n<p>Les v\u00eatements recommand\u00e9s pour visiter l&rsquo;Etna varient selon la saison. Pendant les mois d&rsquo;hiver, de d\u00e9cembre \u00e0 mars, il est recommand\u00e9 de porter des v\u00eatements lourds, avec des vestes, des gants, des chapeaux et des foulards. Pendant la saison d&rsquo;\u00e9t\u00e9 ou de printemps, vous pouvez opter pour des v\u00eatements de sport confortables, des pantalons et des tricots. Mieux vaut toujours apporter une veste et des baskets.<\/p>\n<p>L&rsquo;Etna a une temp\u00e9rature moyenne de 10 degr\u00e9s Celsius. Juillet est le mois le plus chaud, avec une temp\u00e9rature moyenne de 22 degr\u00e9s Celsius, tandis qu&rsquo;en janvier et en hiver les temp\u00e9ratures peuvent descendre en dessous de z\u00e9ro.","protected":false},"excerpt":{"rendered":"<p>D\u00e9sol\u00e9, cet article est seulement disponible en English. [&#8230;]<\/p>\n<p><a class=\"btn btn-secondary understrap-read-more-link\" href=\"https:\/\/www.sicily-transfer.com\/fr\/tours-excursions\/\">Lire la suite&#8230;<\/a><\/p>\n","protected":false},"author":1,"featured_media":0,"parent":0,"menu_order":0,"comment_status":"closed","ping_status":"closed","template":"","meta":{"footnotes":""},"aioseo_notices":[],"_links":{"self":[{"href":"https:\/\/www.sicily-transfer.com\/fr\/wp-json\/wp\/v2\/pages\/314"}],"collection":[{"href":"https:\/\/www.sicily-transfer.com\/fr\/wp-json\/wp\/v2\/pages"}],"about":[{"href":"https:\/\/www.sicily-transfer.com\/fr\/wp-json\/wp\/v2\/types\/page"}],"author":[{"embeddable":true,"href":"https:\/\/www.sicily-transfer.com\/fr\/wp-json\/wp\/v2\/users\/1"}],"replies":[{"embeddable":true,"href":"https:\/\/www.sicily-transfer.com\/fr\/wp-json\/wp\/v2\/comments?post=314"}],"version-history":[{"count":8,"href":"https:\/\/www.sicily-transfer.com\/fr\/wp-json\/wp\/v2\/pages\/314\/revisions"}],"predecessor-version":[{"id":341,"href":"https:\/\/www.sicily-transfer.com\/fr\/wp-json\/wp\/v2\/pages\/314\/revisions\/341"}],"wp:attachment":[{"href":"https:\/\/www.sicily-transfer.com\/fr\/wp-json\/wp\/v2\/media?parent=314"}],"curies":[{"name":"wp","href":"https:\/\/api.w.org\/{rel}","templated":true}]}}