{"id":292,"date":"2020-03-15T11:37:14","date_gmt":"2020-03-15T10:37:14","guid":{"rendered":"http:\/\/www.sicily-transfer.com\/?page_id=292"},"modified":"2021-11-26T11:36:06","modified_gmt":"2021-11-26T10:36:06","slug":"palermo-airport-transfer","status":"publish","type":"page","link":"https:\/\/www.sicily-transfer.com\/fr\/palermo-airport-transfer\/","title":{"rendered":"Palermo Airport Transfer"},"content":{"rendered":"<h2>Service de transfert en Palerme<\/h2>\n<p><strong>Go-Etna est \u00e9galement une soci\u00e9t\u00e9 de transfert bas\u00e9e \u00e0 Palerme<\/strong><br \/>\nVous recherchez un <strong>transfert d&rsquo;a\u00e9roport professionnel \u00e0 Palerme?<\/strong><\/p>\n<p>Go-Etna sait que voyager peut \u00eatre stressant et fatigant. Notre mission: faire en sorte que votre voyage vers et depuis l&rsquo;a\u00e9roport soit confortable et s\u00fbr. <strong>Notre service de transfert depuis l&rsquo;a\u00e9roport Palermo-Punta- Raisi \u201eFalcone e Borsellino\u201c (PMO) \u00e0 Palerme<\/strong> relie les ports, les gares, les h\u00f4tels et les r\u00e9sidences priv\u00e9es en Sicile.<\/p>\n<p>Pour ce transfert a\u00e9roport, <strong>un chauffeur professionnel<\/strong> viendra vous chercher \u00e0 Palerme (PMO) ou \u00e0 l&rsquo;a\u00e9roport de Catania (CTA). Avec une surveillance permanente des vols et notre chauffeur serviable, vous profiterez d&rsquo;un service abordable et professionnel.<\/p>\n<p>Pour les familles avec enfants, sur demande, nous proposons \u00e9galement des si\u00e8ges enfant et b\u00e9b\u00e9 gratuits.<\/p>\n<p><strong>Transfert hors route Sicile<\/strong><br \/>\nVotre destination en Sicile est situ\u00e9e sur un terrain accident\u00e9 ou sur des routes non goudronn\u00e9es? Nous proposons \u00e9galement des transferts hors route avec nos v\u00e9hicules 4 \u00d7 4, pour vous assurer que vous atteindrez votre destination de mani\u00e8re s\u00fbre et confortable.<\/p>\n<div style=\"border-bottom: 1px solid #f2f2f2; padding: 20px; margin-top: 10px;  margin-bottom: 10px; width:100%; display block; clear:left\"><\/div>\n\n    \n        \n\n  \n  \n  <div style=\"background-color: #ec5610; color: #fff; padding:15px; border-radius:10px; margin-bottom: 20px\">\n   <center>   <h3>Pourquoi r\u00e9server vos transferts avec Go-Etna?<\/h3><\/center>\n   <br \/>\n  <div class=\"row\">\n\n    <div class=\"col-md-3\"> \n    \n     <center>\n    <i class=\"fad fa-shield-check fa-3x\"><\/i><br \/><br \/>\n   \n \n    \n    \n     <strong>TARIFS <br \/> TOUT COMPRIS<\/strong><\/span><br \/><br \/>\n  <p style=\"font-size:13px; line-height: 18px;\">Votre tarif tout compris abordable confirm\u00e9 avant la r\u00e9servation comprend toutes les taxes, les p\u00e9ages, les frais et les pourboires. <\/p>\n    <\/center>\n    <\/div>\n    \n    \n    <div class=\"col-md-3\"> <center> <i class=\"fad fa-hourglass-end fa-3x\"><\/i><br \/>\n    <br \/>\n \n    \n    \n    <strong>TEMPS D'ATTENTE <br \/> COMPL\u00c9MENTAIRE<\/strong><br \/><br \/>\n     <p style=\"font-size:13px; line-height: 18px;\">Prenez votre temps et d\u00e9tendez-vous. <br \/> Les transferts depuis l'a\u00e9roport incluent 60 minutes de temps d'attente gratuit.  <\/p>\n    <\/center> <\/div>\n    \n    \n    \n    \n    <div class=\"col-md-3\">  <center><i class=\"fad fa-user-tie fa-3x\"><\/i><br \/>\n    <br \/>\n   \n    \n    \n    <strong>CONDUCTEURS PROFESSIONNELS<\/strong><br \/><br \/>\n     <p style=\"font-size:13px; line-height: 18px;\">Ayez l'esprit tranquille en sachant que tous nos chauffeurs sont autoris\u00e9s, assur\u00e9s et r\u00e9glement\u00e9s. <\/p> <\/center>\n   <\/div>\n    \n    \n        \n    \n    <div class=\"col-md-3\"> <center><i class=\"fad fa-gem fa-3x\"><\/i><br \/>\n    <br \/>\n    \n    \n    \n    <strong>STANDARD OU <br \/> PREMI\u00c8RE CLASSE<\/strong><br \/><br \/>\n     <p style=\"font-size:13px; line-height: 18px;\"> Vous pouvez choisir entre Standard ou First Class<\/p> <\/center>\n  <\/div>\n  \n  <\/div>\n<\/div>\n    \n    \n<div style=\"border-bottom: 1px solid #f2f2f2; padding: 20px; margin-top: 10px;  margin-bottom: 10px; width:100%; display block; clear:left\"><\/div>\n<img decoding=\"async\" src=\"https:\/\/go-etna.s3.eu-west-1.amazonaws.com\/img-data\/load_gif.gif\" data-src=\"https:\/\/www.go-etna.com\/wp-content\/uploads\/2020\/01\/logo-NLA.png\" alt=\"NLA\" width=\"150\" class=\"alignright size-full wp-image-8505\" \/><br \/>\n<div style=\"border-bottom: 1px solid #f2f2f2; padding: 20px; margin-top: 10px;  margin-bottom: 10px; width:100%; display block; clear:left\"><\/div>","protected":false},"excerpt":{"rendered":"<p>Service de transfert en Palerme Go-Etna est \u00e9galement une soci\u00e9t\u00e9 de transfert bas\u00e9e \u00e0 Palerme Vous recherchez un transfert d&rsquo;a\u00e9roport professionnel \u00e0 Palerme? Go-Etna sait que voyager peut \u00eatre stressant et fatigant. Notre mission: faire en sorte que votre voyage vers et depuis l&rsquo;a\u00e9roport soit confortable et s\u00fbr. Notre service de transfert depuis l&rsquo;a\u00e9roport Palermo-Punta- [&#8230;]<\/p>\n<p><a class=\"btn btn-secondary understrap-read-more-link\" href=\"https:\/\/www.sicily-transfer.com\/fr\/palermo-airport-transfer\/\">Lire la suite&#8230;<\/a><\/p>\n","protected":false},"author":1,"featured_media":0,"parent":0,"menu_order":0,"comment_status":"closed","ping_status":"closed","template":"page-templates\/transfer-new-pa.php","meta":{"footnotes":""},"aioseo_notices":[],"_links":{"self":[{"href":"https:\/\/www.sicily-transfer.com\/fr\/wp-json\/wp\/v2\/pages\/292"}],"collection":[{"href":"https:\/\/www.sicily-transfer.com\/fr\/wp-json\/wp\/v2\/pages"}],"about":[{"href":"https:\/\/www.sicily-transfer.com\/fr\/wp-json\/wp\/v2\/types\/page"}],"author":[{"embeddable":true,"href":"https:\/\/www.sicily-transfer.com\/fr\/wp-json\/wp\/v2\/users\/1"}],"replies":[{"embeddable":true,"href":"https:\/\/www.sicily-transfer.com\/fr\/wp-json\/wp\/v2\/comments?post=292"}],"version-history":[{"count":6,"href":"https:\/\/www.sicily-transfer.com\/fr\/wp-json\/wp\/v2\/pages\/292\/revisions"}],"predecessor-version":[{"id":436,"href":"https:\/\/www.sicily-transfer.com\/fr\/wp-json\/wp\/v2\/pages\/292\/revisions\/436"}],"wp:attachment":[{"href":"https:\/\/www.sicily-transfer.com\/fr\/wp-json\/wp\/v2\/media?parent=292"}],"curies":[{"name":"wp","href":"https:\/\/api.w.org\/{rel}","templated":true}]}}