{"id":2,"date":"2015-05-30T22:45:52","date_gmt":"2015-05-30T21:45:52","guid":{"rendered":"http:\/\/sicily-transfer.com\/?page_id=2"},"modified":"2020-05-06T07:27:32","modified_gmt":"2020-05-06T05:27:32","slug":"home","status":"publish","type":"page","link":"https:\/\/www.sicily-transfer.com\/fr\/","title":{"rendered":"Transferts a\u00e9roport fiables et \u00e0 bas prix en Sicile"},"content":{"rendered":"<h2>Service de transfert en Sicile<\/h2>\n<p>Go-Etna sait que voyager peut \u00eatre stressant et fatigant. Notre mission: faire en sorte que votre voyage vers et depuis l&rsquo;a\u00e9roport soit confortable et s\u00fbr. <strong>Notre service de transfert depuis l&rsquo;a\u00e9roport Vincenzo Bellini &#8211; Fontanarossa (CTA) \u00e0 Catane<\/strong> relie les ports, les gares, les h\u00f4tels et les r\u00e9sidences priv\u00e9es en Sicile.<\/p>\n<p>Pour ce transfert a\u00e9roport, <strong>un chauffeur professionnel<\/strong> viendra vous chercher \u00e0 Catane (CTA) ou \u00e0 l&rsquo;a\u00e9roport de Comiso (CIY). Avec une surveillance permanente des vols et notre chauffeur serviable, vous profiterez d&rsquo;un service abordable et professionnel.<\/p>\n<p>Pour les familles avec enfants, sur demande, nous proposons \u00e9galement des si\u00e8ges enfant et b\u00e9b\u00e9 gratuits.<\/p>\n<p><strong>Transfert hors route Sicile<\/strong><br \/>\nVotre destination en Sicile est situ\u00e9e sur un terrain accident\u00e9 ou sur des routes non goudronn\u00e9es? Nous proposons \u00e9galement des transferts hors route avec nos v\u00e9hicules 4 \u00d7 4, pour vous assurer que vous atteindrez votre destination de mani\u00e8re s\u00fbre et confortable.<\/p>\n<div style=\"border-bottom: 1px solid #f2f2f2; padding: 20px; margin-top: 10px;  margin-bottom: 10px; width:100%; display block; clear:left\"><\/div>\n\n    \n        \n\n  \n  \n  <div style=\"background-color: #ec5610; color: #fff; padding:15px; border-radius:10px; margin-bottom: 20px\">\n   <center>   <h3>Pourquoi r\u00e9server vos transferts avec Go-Etna?<\/h3><\/center>\n   <br \/>\n  <div class=\"row\">\n\n    <div class=\"col-md-3\"> \n    \n     <center>\n    <i class=\"fad fa-shield-check fa-3x\"><\/i><br \/><br \/>\n   \n \n    \n    \n     <strong>TARIFS <br \/> TOUT COMPRIS<\/strong><\/span><br \/><br \/>\n  <p style=\"font-size:13px; line-height: 18px;\">Votre tarif tout compris abordable confirm\u00e9 avant la r\u00e9servation comprend toutes les taxes, les p\u00e9ages, les frais et les pourboires. <\/p>\n    <\/center>\n    <\/div>\n    \n    \n    <div class=\"col-md-3\"> <center> <i class=\"fad fa-hourglass-end fa-3x\"><\/i><br \/>\n    <br \/>\n \n    \n    \n    <strong>TEMPS D'ATTENTE <br \/> COMPL\u00c9MENTAIRE<\/strong><br \/><br \/>\n     <p style=\"font-size:13px; line-height: 18px;\">Prenez votre temps et d\u00e9tendez-vous. <br \/> Les transferts depuis l'a\u00e9roport incluent 60 minutes de temps d'attente gratuit.  <\/p>\n    <\/center> <\/div>\n    \n    \n    \n    \n    <div class=\"col-md-3\">  <center><i class=\"fad fa-user-tie fa-3x\"><\/i><br \/>\n    <br \/>\n   \n    \n    \n    <strong>CONDUCTEURS PROFESSIONNELS<\/strong><br \/><br \/>\n     <p style=\"font-size:13px; line-height: 18px;\">Ayez l'esprit tranquille en sachant que tous nos chauffeurs sont autoris\u00e9s, assur\u00e9s et r\u00e9glement\u00e9s. <\/p> <\/center>\n   <\/div>\n    \n    \n        \n    \n    <div class=\"col-md-3\"> <center><i class=\"fad fa-gem fa-3x\"><\/i><br \/>\n    <br \/>\n    \n    \n    \n    <strong>STANDARD OU <br \/> PREMI\u00c8RE CLASSE<\/strong><br \/><br \/>\n     <p style=\"font-size:13px; line-height: 18px;\"> Vous pouvez choisir entre Standard ou First Class<\/p> <\/center>\n  <\/div>\n  \n  <\/div>\n<\/div>\n    \n    \n<div style=\"border-bottom: 1px solid #f2f2f2; padding: 20px; margin-top: 10px;  margin-bottom: 10px; width:100%; display block; clear:left\"><\/div>\n<p style=\"text-align: center;\">Etna Golf Resort &#8211; Le Madonie Golf Resort &#8211; Il Picciolo Golf Club &#8211; Golf Resort Donnafugata &#8211; Golf Resort Verdura<\/p>\n<h3>Autres a\u00e9roports en Italie<\/h3>\n<ul class=\"airport-list\">\n<li><a title=\"Transferts de l\u2019a\u00e9roport de Catane (CTA)\" href=\"https:\/\/www.transfeero.com\/fr\/transferts-de-laeroport-de-catane-cta\/\">Transferts de l\u2019a\u00e9roport de Catane (CTA)<\/a><\/li>\n<li><a title=\"Transferts de l\u2019a\u00e9roport de Rome Fiumicino (FCO)\" href=\"https:\/\/www.transfeero.com\/fr\/transferts-de-laeroport-de-rome-fiumicino-fco\/\">Transferts de l\u2019a\u00e9roport de Rome Fiumicino (FCO)<\/a><\/li>\n<li><a title=\"Transferts de l\u2019a\u00e9roport de Florence Peretola (FLR)\" href=\"https:\/\/www.transfeero.com\/fr\/transferts-de-laeroport-de-florence-peretola-flr\/\">Transferts de l\u2019a\u00e9roport de Florence Peretola (FLR)<\/a><\/li>\n<li><a title=\"Transfert port de croisi\u00e8re Rome Civitavecchia\" href=\"https:\/\/www.transfeero.com\/fr\/transfert-port-de-croisiere-rome-civitavecchia\/\">Transfert port de croisi\u00e8re Rome Civitavecchia<\/a><\/li>\n<li><a title=\"Transferts de l\u2019a\u00e9roport de Venise Marco Polo (VCE)\" href=\"https:\/\/www.transfeero.com\/fr\/transferts-de-laeroport-de-venise-marco-polo-vce\/\">Transferts de l\u2019a\u00e9roport de Venise Marco Polo (VCE)<\/a><\/li>\n<li><a title=\"Transferts de l\u2019a\u00e9roport de Rome Ciampino (CIA)\" href=\"https:\/\/www.transfeero.com\/fr\/transferts-de-laeroport-de-rome-ciampino-cia\/\">Transferts de l\u2019a\u00e9roport de Rome Ciampino (CIA)<\/a><\/li>\n<li><a title=\"Transferts de l\u2019a\u00e9roport de V\u00e9rone Villafranca (VRN)\" href=\"https:\/\/www.transfeero.com\/fr\/transferts-de-laeroport-de-verone-villafranca-vrn\/\">Transferts de l\u2019a\u00e9roport de V\u00e9rone Villafranca (VRN)<\/a><\/li>\n<li><a title=\"Transferts de l\u2019a\u00e9roport international de Malpensa (MXP)\" href=\"https:\/\/www.transfeero.com\/fr\/transferts-de-laeroport-international-de-malpensa-mxp\/\">Transferts de l\u2019a\u00e9roport international de Malpensa (MXP)<\/a><\/li>\n<li><a title=\"Transferts de l\u2019a\u00e9roport de Milan Linate (LIN)\" href=\"https:\/\/www.transfeero.com\/fr\/transferts-de-laeroport-de-milan-linate-lin\/\">Transferts de l\u2019a\u00e9roport de Milan Linate (LIN)<\/a><\/li>\n<\/ul>","protected":false},"excerpt":{"rendered":"<p>Sicily Catania Transfer provide 24 hours <b>Catania airport transfers<\/b> (car and driver) for all <b>Sicilian airports<\/b> to and from <b>anywhere in Sicily<\/b>. Our aim is to offer the <b>best reliable and safest Catania transfers service<\/b> to all our customers at a <b>competitive price<\/b>.<br \/>\nTransfer Catania, Transfer Taormina, Transfer Milazzo<br \/>\n<strong>Transfer from Catania airport to Taormina<\/strong><br \/>\n<strong>Transfer from Catania airport to Milazzo<\/strong><br \/>\n<strong>Transfer from Catania airport to Syracuse<\/strong><br \/>\n<strong>Transfer from Catania airport to Giardini Naxos<\/strong><\/p>\n<p><i class=\"fa fa-check\"><\/i> All drivers and vehicles are insured and fully licensed.<br \/>\n<i class=\"fa fa-check\"><\/i> Reservation is free.<br \/>\n<i class=\"fa fa-check\"><\/i> You only pay the agreed fixed price. <\/p>\n<p><i class=\"fa fa-cc-visa fa-2x\" aria-hidden=\"true\"><\/i> <i class=\"fa fa-cc-mastercard fa-2x\" aria-hidden=\"true\"><\/i> <i class=\"fa fa-cc-amex fa-2x\" aria-hidden=\"true\"><\/i> [&#8230;]<\/p>\n<p><a class=\"btn btn-secondary understrap-read-more-link\" href=\"https:\/\/www.sicily-transfer.com\/fr\/\">Lire la suite&#8230;<\/a><\/p>\n","protected":false},"author":1,"featured_media":213,"parent":0,"menu_order":0,"comment_status":"open","ping_status":"open","template":"page-templates\/transfer-new-home.php","meta":{"footnotes":""},"aioseo_notices":[],"_links":{"self":[{"href":"https:\/\/www.sicily-transfer.com\/fr\/wp-json\/wp\/v2\/pages\/2"}],"collection":[{"href":"https:\/\/www.sicily-transfer.com\/fr\/wp-json\/wp\/v2\/pages"}],"about":[{"href":"https:\/\/www.sicily-transfer.com\/fr\/wp-json\/wp\/v2\/types\/page"}],"author":[{"embeddable":true,"href":"https:\/\/www.sicily-transfer.com\/fr\/wp-json\/wp\/v2\/users\/1"}],"replies":[{"embeddable":true,"href":"https:\/\/www.sicily-transfer.com\/fr\/wp-json\/wp\/v2\/comments?post=2"}],"version-history":[{"count":81,"href":"https:\/\/www.sicily-transfer.com\/fr\/wp-json\/wp\/v2\/pages\/2\/revisions"}],"predecessor-version":[{"id":443,"href":"https:\/\/www.sicily-transfer.com\/fr\/wp-json\/wp\/v2\/pages\/2\/revisions\/443"}],"wp:featuredmedia":[{"embeddable":true,"href":"https:\/\/www.sicily-transfer.com\/fr\/wp-json\/wp\/v2\/media\/213"}],"wp:attachment":[{"href":"https:\/\/www.sicily-transfer.com\/fr\/wp-json\/wp\/v2\/media?parent=2"}],"curies":[{"name":"wp","href":"https:\/\/api.w.org\/{rel}","templated":true}]}}