{"id":129,"date":"2016-06-29T08:23:58","date_gmt":"2016-06-29T06:23:58","guid":{"rendered":"http:\/\/www.sicily-transfer.com\/?page_id=129"},"modified":"2021-11-26T11:36:06","modified_gmt":"2021-11-26T10:36:06","slug":"transfer-catania-taormina","status":"publish","type":"page","link":"https:\/\/www.sicily-transfer.com\/fr\/catania-airport-transfer\/transfer-catania-taormina\/","title":{"rendered":"Transfert de l&rsquo;a\u00e9roport de Catane \u00e0 Taormina"},"content":{"rendered":"<h2>Transfert de l&rsquo;a\u00e9roport de Catane \u00e0 Taormina, private taxi transfers<\/h2>\n<p>Fournir des services Transfert de l&rsquo;a\u00e9roport de Catane \u00e0 Taormina (https:\/\/www.sicily-transfer.com\/fr\/catania-airport-transfer\/transfer-catania-taormina\/) des transferts sans tracas sept jours par semaine, Sicily-Transfer.com est le premier le site Web du monde pour r\u00e9server les transferts a\u00e9roport. Nous sommes sp\u00e9cialis\u00e9s dans les transferts vers et en provenance des a\u00e9roports du monde entier et de travailler avec le meilleur groupe de chauffeurs et les voitures. R\u00e9servez votre prochain <strong>Transfert de l&rsquo;a\u00e9roport de Catane \u00e0 Taormina<\/strong> et gagner du temps et de l&rsquo;argent lors de votre prochain voyage avec <strong>Sicily-Transfer.com.<\/strong><\/p>\n<p>Nos partenaires de <strong>navette et taxis<\/strong>, offrent une large \u00e9ventail de v\u00e9hicules, des berlines et des limousines pour les voyageurs d&rsquo;affaires et de loisirs \u00e0 des minibus et des bus pour les grands groupes. Que vous soyez en voyage d&rsquo;affaires ou des vacances, nous fournissons un transfert a\u00e9roport, pratique et abordable de <strong>Catania Aeroport<\/strong> pour bien commencer votre voyage. Vous pouvez \u00e9galement r\u00e9server un taxi pour Catania-Fontanarossa Aeroport lorsque vous rentrer chez vous ou \u00e0 votre prochaine destination.<\/p>\n<p><img loading=\"lazy\" decoding=\"async\" src=\"https:\/\/www.sicily-transfer.com\/wp-content\/uploads\/2020\/03\/shutterstock_525069313-300x200.jpg\" alt=\"Transfert de l&rsquo;a\u00e9roport de Catane \u00e0 Taormina\" width=\"300\" height=\"200\" class=\"alignleft size-medium wp-image-421\" srcset=\"https:\/\/www.sicily-transfer.com\/wp-content\/uploads\/2020\/03\/shutterstock_525069313-300x200.jpg 300w, https:\/\/www.sicily-transfer.com\/wp-content\/uploads\/2020\/03\/shutterstock_525069313-768x512.jpg 768w, https:\/\/www.sicily-transfer.com\/wp-content\/uploads\/2020\/03\/shutterstock_525069313.jpg 1000w\" sizes=\"(max-width: 300px) 100vw, 300px\" \/><\/p>\n<h2>Transfert de l&rsquo;a\u00e9roport de Catane \u00e0 Taormina<\/h2>\n<p>Pour un transfert, confortable et abordable <strong>Catania Aeroport<\/strong>, faites confiance \u00e0 Sicily-Transfer.com. En plus des transferts \u00e0 vos r\u00e9unions d&rsquo;affaires ou \u00e0 l&rsquo;h\u00f4tel, nous pouvons \u00e9galement fournir un transfert de Catania-Fontanarossa Aeroport \u00e0 pratiquement tout endroit o\u00f9 vous devez \u00eatre. Cela inclut le transport pour les petits et les grands groupes. Nous fournissons \u00e9galement des v\u00e9hicules plus grands qui sont id\u00e9ales pour les familles et les groupes d&rsquo;amis. Que vous soyez \u00e0 votre destination pour une escapade ou pour faire des affaires, nous avons un v\u00e9hicule qui convient \u00e0 votre budget. Plus important encore,<strong> nos chauffeurs vous assurer que vous atteignez votre destination \u00e0 temps et avec aussi le moins de tracas possible.<\/strong> Nous nous effor\u00e7ons de r\u00e9duire le stress de voyager vers et depuis l&rsquo;a\u00e9roport, en vous donnant plus de temps pour profiter de vos vacances ou de pr\u00e9parer pour vos r\u00e9unions d&rsquo;affaires.<\/p>\n<h2>Catania-Fontanarossa Aeroport Des Transferts<\/h2>\n<p>Nous offrons une r\u00e9servation facile en ligne pour <strong>votre transfert de Catania Aeroport<\/strong>. Nous sommes fiers de fournir des prix bas sans compromettre notre service \u00e0 la client\u00e8le. Les modifications et annulations de votre<strong> transfert de Catania Aeroport<\/strong> sont aussi sans tracas, vous donnant la meilleure flexibilit\u00e9 possible dans le cas o\u00f9 vos plans de voyage changent. Une fois que vous r\u00e9servez votre <strong>Catania Aeroport taxi<\/strong>, vous rencontrez simplement votre chauffeur \u00e0 l&rsquo;arriv\u00e9e. Toutes les compagnies de taxi et les chauffeurs pour votre transfert Catania Aeroport sont enti\u00e8rement s\u00e9lectionn\u00e9s pour assurer la meilleure qualit\u00e9 de service et la s\u00e9curit\u00e9. Nous travaillons uniquement avec chauffeurs exp\u00e9riment\u00e9s et r\u00e9guli\u00e8rement \u00e9valuons la performance de nos partenaires.","protected":false},"excerpt":{"rendered":"<p class=\"qtranxs-available-languages-message qtranxs-available-languages-message-fr\">D\u00e9sol\u00e9, cet article est seulement disponible en <a href=\"https:\/\/www.sicily-transfer.com\/en\/wp-json\/wp\/v2\/pages\/129\" class=\"qtranxs-available-language-link qtranxs-available-language-link-en\" title=\"English\">English<\/a>.<\/p>\n","protected":false},"author":1,"featured_media":0,"parent":215,"menu_order":0,"comment_status":"closed","ping_status":"closed","template":"page-templates\/transfer-new.php","meta":{"footnotes":""},"aioseo_notices":[],"_links":{"self":[{"href":"https:\/\/www.sicily-transfer.com\/fr\/wp-json\/wp\/v2\/pages\/129"}],"collection":[{"href":"https:\/\/www.sicily-transfer.com\/fr\/wp-json\/wp\/v2\/pages"}],"about":[{"href":"https:\/\/www.sicily-transfer.com\/fr\/wp-json\/wp\/v2\/types\/page"}],"author":[{"embeddable":true,"href":"https:\/\/www.sicily-transfer.com\/fr\/wp-json\/wp\/v2\/users\/1"}],"replies":[{"embeddable":true,"href":"https:\/\/www.sicily-transfer.com\/fr\/wp-json\/wp\/v2\/comments?post=129"}],"version-history":[{"count":28,"href":"https:\/\/www.sicily-transfer.com\/fr\/wp-json\/wp\/v2\/pages\/129\/revisions"}],"predecessor-version":[{"id":422,"href":"https:\/\/www.sicily-transfer.com\/fr\/wp-json\/wp\/v2\/pages\/129\/revisions\/422"}],"up":[{"embeddable":true,"href":"https:\/\/www.sicily-transfer.com\/fr\/wp-json\/wp\/v2\/pages\/215"}],"wp:attachment":[{"href":"https:\/\/www.sicily-transfer.com\/fr\/wp-json\/wp\/v2\/media?parent=129"}],"curies":[{"name":"wp","href":"https:\/\/api.w.org\/{rel}","templated":true}]}}