{"id":55,"date":"2015-05-31T23:17:44","date_gmt":"2015-05-31T21:17:44","guid":{"rendered":"http:\/\/www.sicily-transfer.com\/?page_id=55"},"modified":"2021-11-26T11:36:06","modified_gmt":"2021-11-26T10:36:06","slug":"impressum","status":"publish","type":"page","link":"https:\/\/www.sicily-transfer.com\/de\/impressum\/","title":{"rendered":"Impressum"},"content":{"rendered":"www.sicily-transfer.com ist eine Website von:<\/p>\n<p>Go-Etna S.r.l.s.<br \/>\nChief Executive Officer: Werner Salvatore Testa<br \/>\nVia Roma, 114<br \/>\n95037, San Giovanni La Punta (CT)<br \/>\nTel. +39 0958998743<br \/>\nVAT Nr.: IT05124290874<br \/>\ninfo@go-etna.it<br \/>\n<strong>Liability insurance:<\/strong><br \/>\nAllianz<br \/>\nNr.: 77716074<\/p>\n<p>Copyright \u00a9 2016 Go-Etna<\/p>\n<p>Alle Rechte vorbehalten<\/p>\n<p>Die Informationen auf diesem Server, Layout und Design-Elemente sind durch das Urheberrecht gebunden. Ohne die schriftliche Genehmigung von Go-Etna \/ go InSicily ist es verboten, den Inhalt dieses WWW-Servers teilweise oder vollst\u00e4ndig zu reproduzieren oder auf andere Weise zu nutzen.<\/p>\n<p>Haftungshinweis<br \/>\nAlle Informationen und Details wurden sorgf\u00e4ltig recherchiert und vorbereitet. Go-Etna \/ go InSicily \u00fcbernimmt jedoch keine Gew\u00e4hr f\u00fcr die Richtigkeit und Vollst\u00e4ndigkeit der Informationen. F\u00fcr jegliche Sch\u00e4den, die direkt oder indirekt mit der Nutzung, dem Missbrauch oder der Funktionalit\u00e4t dieses WWW-Servers oder den darin enthaltenen Informationen zusammenh\u00e4ngen, tr\u00e4gt\u00a0Go-Etna \/ go InSicily keine Haftung. Verweise auf andere Internetseiten sind nicht als Empfehlung f\u00fcr das jeweilige Unternehmen, seine Produkte oder Dienstleistungen zu verstehen.<\/p>\n<p>Warenzeichen<br \/>\nAlle Marken sind Eigentum der jeweiligen Besitzer.","protected":false},"excerpt":{"rendered":"<p>www.sicily-transfer.com ist eine Website von: Go-Etna S.r.l.s. Chief Executive Officer: Werner Salvatore Testa Via Roma, 114 95037, San Giovanni La Punta (CT) Tel. +39 0958998743 VAT Nr.: IT05124290874 info@go-etna.it Liability insurance: Allianz Nr.: 77716074 Copyright \u00a9 2016 Go-Etna Alle Rechte vorbehalten Die Informationen auf diesem Server, Layout und Design-Elemente sind durch das Urheberrecht gebunden. Ohne [&#8230;]<\/p>\n<p><a class=\"btn btn-secondary understrap-read-more-link\" href=\"https:\/\/www.sicily-transfer.com\/de\/impressum\/\">Weiterlesen&#8230;<\/a><\/p>\n","protected":false},"author":1,"featured_media":0,"parent":0,"menu_order":0,"comment_status":"open","ping_status":"open","template":"","meta":{"footnotes":""},"aioseo_notices":[],"_links":{"self":[{"href":"https:\/\/www.sicily-transfer.com\/de\/wp-json\/wp\/v2\/pages\/55"}],"collection":[{"href":"https:\/\/www.sicily-transfer.com\/de\/wp-json\/wp\/v2\/pages"}],"about":[{"href":"https:\/\/www.sicily-transfer.com\/de\/wp-json\/wp\/v2\/types\/page"}],"author":[{"embeddable":true,"href":"https:\/\/www.sicily-transfer.com\/de\/wp-json\/wp\/v2\/users\/1"}],"replies":[{"embeddable":true,"href":"https:\/\/www.sicily-transfer.com\/de\/wp-json\/wp\/v2\/comments?post=55"}],"version-history":[{"count":4,"href":"https:\/\/www.sicily-transfer.com\/de\/wp-json\/wp\/v2\/pages\/55\/revisions"}],"predecessor-version":[{"id":203,"href":"https:\/\/www.sicily-transfer.com\/de\/wp-json\/wp\/v2\/pages\/55\/revisions\/203"}],"wp:attachment":[{"href":"https:\/\/www.sicily-transfer.com\/de\/wp-json\/wp\/v2\/media?parent=55"}],"curies":[{"name":"wp","href":"https:\/\/api.w.org\/{rel}","templated":true}]}}