{"id":404,"date":"2020-03-18T14:05:33","date_gmt":"2020-03-18T13:05:33","guid":{"rendered":"https:\/\/www.sicily-transfer.com\/?page_id=404"},"modified":"2021-11-26T11:36:06","modified_gmt":"2021-11-26T10:36:06","slug":"coronavirus-covid-19-safety-and-prevention-measures","status":"publish","type":"page","link":"https:\/\/www.sicily-transfer.com\/de\/coronavirus-covid-19-safety-and-prevention-measures\/","title":{"rendered":"Sicherheits- und Pr\u00e4ventionsma\u00dfnahmen zum Coronavirus (COVID-19)"},"content":{"rendered":"&nbsp;<br \/>\n&nbsp;<\/p>\n<h2>Sicherheits- und Pr\u00e4ventionsma\u00dfnahmen zum Coronavirus (COVID-19)<\/h2>\n<p style=\"font-size: 20px;\">Wir m\u00f6chten unseren Kunden r\u00fcckversichern, dass wir all unseren Fahrern die von der Weltgesundheitsorganisation (WHO) empfohlenen Richtlinien \u00fcber die grundlegenden Schutzma\u00dfnahmen gegen das Coronavirus (COVID-19) an die Hand gegeben haben. Ihre Gesundheit und Sicherheit und die unserer Fahrer stehen bei uns an allererster Stelle.<\/p>\n<p>&nbsp;<\/p>\n<hr \/>\n<div class=\"alert alert-info\"> <\/p>\n<h3><i class=\"fal fa-virus-slash\"><\/i> Desinfektion von Fahrzeugen<\/h3>\n<p style=\"font-size: 20px;\">Wir desinfizieren unsere Fahrzeuge jeden Tag mit Ozon- oder Ultraviolett-Technologie, wodurch Bakterien und Viren zu 99,8% abget\u00f6tet werden.<\/p>\n<\/div>\n<hr \/>\n<p>&nbsp;<\/p>\n<h2>Sicherheits- und Pr\u00e4ventionsma\u00dfnahmen<\/h2>\n<p>&nbsp;<br \/>\n<div class=\"row\">    <div class=\"col-md-6\">\n<ul>\n<li>Regelm\u00e4\u00dfiges H\u00e4ndewaschen.<\/li>\n<li>Immer H\u00e4ndedesinfektionsmittel im Auto mitf\u00fchren, sowohl f\u00fcr sich selbst als auch f\u00fcr den Fahrgast.<\/li>\n<li>Regelm\u00e4\u00dfiges Abwischen der Oberfl\u00e4chen mit Haushaltsreinigungssprays oder \u2013t\u00fcchern.<\/li>\n<\/ul>\n<\/div>    <div class=\"col-md-6\">\n<ul>\n<li>Wann und wo m\u00f6glich, Distanz zum Gegen\u00fcber wahren.<\/li>\n<li>Ber\u00fchren von Augen, Nase und Mund vermeiden.<\/li>\n<li>Atembezogene Hygiene: Bedecken von Mund und Nase mit der Armbeuge beim Niesen oder Husten. Sofortige Entsorgung benutzter Taschent\u00fccher.<\/li>\n<\/ul>\n<\/div><\/div>\n<hr \/>\n<div class=\"alert alert-success\"> <\/p>\n<h2>24-Stunden-Stornierungsregelung<\/h2>\n<p>Insbesondere in der derzeitigen Situation stellen wir fest, dass Reisepl\u00e4ne sich kurzfristig \u00e4ndern k\u00f6nnen und dass Flexibilit\u00e4t beim Reisen ausschlaggebend ist. Damit Sie weiterhin unbesorgt sein k\u00f6nnen, m\u00f6chten wir Sie daran erinnern, dass Sie Ihre Buchung kostenlos und mit voller Erstattung bis 24 Stunden vor geplantem Antritt der Transferfahrt stornieren k\u00f6nnen. Besuchen Sie unsere AGB-Seite f\u00fcr mehr Informationen \u00fcber unsere Stornierungsbestimmungen.<\/div>\n<hr \/>\n<p>&nbsp;<\/p>\n<h3>Neuigkeiten und Schutzma\u00dfnahmen der Weltgesundheitsorganisation<\/h3>\n<p><a href=\"https:\/\/www.who.int\/emergencies\/diseases\/novel-coronavirus-2019\" target=\"_blank\" rel=\"noopener noreferrer\">World Health Organization updates and latest news<\/a><br \/>\n<a href=\"https:\/\/www.who.int\/emergencies\/diseases\/novel-coronavirus-2019\/advice-for-public\" target=\"_blank\" rel=\"noopener noreferrer\">Basic protective measures<\/a>","protected":false},"excerpt":{"rendered":"<p>&nbsp; &nbsp; Sicherheits- und Pr\u00e4ventionsma\u00dfnahmen zum Coronavirus (COVID-19) Wir m\u00f6chten unseren Kunden r\u00fcckversichern, dass wir all unseren Fahrern die von der Weltgesundheitsorganisation (WHO) empfohlenen Richtlinien \u00fcber die grundlegenden Schutzma\u00dfnahmen gegen das Coronavirus (COVID-19) an die Hand gegeben haben. Ihre Gesundheit und Sicherheit und die unserer Fahrer stehen bei uns an allererster Stelle. &nbsp; &nbsp; Sicherheits- [&#8230;]<\/p>\n<p><a class=\"btn btn-secondary understrap-read-more-link\" href=\"https:\/\/www.sicily-transfer.com\/de\/coronavirus-covid-19-safety-and-prevention-measures\/\">Weiterlesen&#8230;<\/a><\/p>\n","protected":false},"author":1,"featured_media":0,"parent":0,"menu_order":0,"comment_status":"closed","ping_status":"closed","template":"page-templates\/fullwidthpagenohome.php","meta":{"footnotes":""},"aioseo_notices":[],"_links":{"self":[{"href":"https:\/\/www.sicily-transfer.com\/de\/wp-json\/wp\/v2\/pages\/404"}],"collection":[{"href":"https:\/\/www.sicily-transfer.com\/de\/wp-json\/wp\/v2\/pages"}],"about":[{"href":"https:\/\/www.sicily-transfer.com\/de\/wp-json\/wp\/v2\/types\/page"}],"author":[{"embeddable":true,"href":"https:\/\/www.sicily-transfer.com\/de\/wp-json\/wp\/v2\/users\/1"}],"replies":[{"embeddable":true,"href":"https:\/\/www.sicily-transfer.com\/de\/wp-json\/wp\/v2\/comments?post=404"}],"version-history":[{"count":2,"href":"https:\/\/www.sicily-transfer.com\/de\/wp-json\/wp\/v2\/pages\/404\/revisions"}],"predecessor-version":[{"id":440,"href":"https:\/\/www.sicily-transfer.com\/de\/wp-json\/wp\/v2\/pages\/404\/revisions\/440"}],"wp:attachment":[{"href":"https:\/\/www.sicily-transfer.com\/de\/wp-json\/wp\/v2\/media?parent=404"}],"curies":[{"name":"wp","href":"https:\/\/api.w.org\/{rel}","templated":true}]}}