{"id":396,"date":"2020-03-18T11:41:27","date_gmt":"2020-03-18T10:41:27","guid":{"rendered":"https:\/\/www.sicily-transfer.com\/?page_id=396"},"modified":"2021-11-26T11:36:06","modified_gmt":"2021-11-26T10:36:06","slug":"transfer-from-palermo-airport-to-sciacca","status":"publish","type":"page","link":"https:\/\/www.sicily-transfer.com\/de\/palermo-airport-transfer\/transfer-from-palermo-airport-to-sciacca\/","title":{"rendered":"Transfer vom Flughafen Palermo nach Sciacca"},"content":{"rendered":"<h2>Transfer vom Flughafen Palermo nach Sciacca<\/h2>\n<p>Sie reisen vom Falcone\u2013Borsellino Flughafen und ziehen es in Erw\u00e4gung auf \u00f6ffentliche Verkehrsmittel zu verzichten, da man in einer neuen Stadt schnell \u00fcberfordert ist und die Menschen dort wahrscheinlich eine andere Sprache sprechen. Stattdessen w\u00fcrden sie einen direkten <strong>Transfer vom Flughafen<\/strong> in die Stadt bevorzugen? Nun \u2013 es gibt mehrere L\u00f6sungen f\u00fcr ihren <strong>Transfer von Falcone\u2013Borsellino Flughafen<\/strong>. Reisen mit schwerem Gep\u00e4ck ist meist sehr umst\u00e4ndlich, da man mit mehren Gep\u00e4ckst\u00fccken auf der An- und Abreise ziemlich eingeschr\u00e4nkt ist. Zudem will niemand nach einem langen und anstrengenden Flug noch ewig nach einem geeigneten Taxi suchen. Denn letztendlich wei\u00df man erst nach der Taxifahrt ob der Fahrer einen fairen Preis verlangt und den besten Weg genommen hat. Keine Sorge! Mit Sicily-Transfer ist der Transfer vom Falcone\u2013Borsellino Flughafen schnell geregelt. Egal, ob Sie gesch\u00e4ftlich oder privat unterwegs sind, wir bieten Ihnen einen bequemen und erschwinglichen <strong>Flughafentransfer vom Falcone\u2013Borsellino<\/strong> Flughafen an.<\/p>\n<p><img loading=\"lazy\" decoding=\"async\" src=\"https:\/\/www.sicily-transfer.com\/wp-content\/uploads\/2020\/03\/sciacca-porto-300x171.jpg\" alt=\"Transfer vom Flughafen Palermo nach Sciacca\" width=\"300\" height=\"171\" class=\"alignleft size-medium wp-image-406\" srcset=\"https:\/\/www.sicily-transfer.com\/wp-content\/uploads\/2020\/03\/sciacca-porto-300x171.jpg 300w, https:\/\/www.sicily-transfer.com\/wp-content\/uploads\/2020\/03\/sciacca-porto-1024x584.jpg 1024w, https:\/\/www.sicily-transfer.com\/wp-content\/uploads\/2020\/03\/sciacca-porto-768x438.jpg 768w, https:\/\/www.sicily-transfer.com\/wp-content\/uploads\/2020\/03\/sciacca-porto.jpg 1217w\" sizes=\"(max-width: 300px) 100vw, 300px\" \/><\/p>\n<h2>Das beste Transfer vom Flughafen Palermo nach Sciacca<\/h2>\n<p>Egal wie sp\u00e4t oder fr\u00fch Ihr Flug ist, wir sind stets bem\u00fcht Ihnen einen <strong>Transfer vom und zum Falcone\u2013Borsellino Flughafen<\/strong> anzubieten. Sie k\u00f6nnen davon ausgehen rechtzeitig am Flughafen anzukommen und m\u00fcssen sich nicht im Bus \u00fcber m\u00f6gliche Versp\u00e4tungen Sorgen machen. Dank unserer lokalen Partner bieten wir Ihnen einen professionellen und sicheren<strong> Transferservice zum fairen Preis<\/strong>.<br \/>\n(https:\/\/www.sicily-transfer.com\/de\/palermo-airport-transfer\/transfer-from-palermo-airport-to-sciacca\/)<\/p>\n<h2>Buchen Sie Ihr Taxi Transfer vom Flughafen Palermo nach Sciacca<\/h2>\n<p>Eine Buchung aufgeben war zuvor noch nie einfacher als mit Sicily-Transfer. Einfach Ort, Datum, Uhrzeit, Anzahl der Passagiere und Gep\u00e4ckst\u00fccke angeben und schon bekommen Sie von uns ein Angebot f\u00fcr ihren Falcone\u2013Borsellino Flughafen Transfer. Wir bieten eine Auswahl an verschiedenen Fahrzeugtypen an. Egal Standard-Limousine, umweltfreundliches Elektroauto, Luxuslimousine oder Kleinbus, Sie haben die Wahl. Wir ber\u00fccksichtigen nat\u00fcrlich auch spezielle W\u00fcnsche wie Baby-Sitze, Kindersitzerh\u00f6hungen oder Meet &#038; Greets am Falcone\u2013Borsellino Flughafen. Auch unsere online Zahlung ist sicher und gepr\u00fcft.","protected":false},"excerpt":{"rendered":"<p>Sie reisen vom Falcone\u2013Borsellino Flughafen und ziehen es in Erw\u00e4gung auf \u00f6ffentliche Verkehrsmittel zu verzichten, da man in einer neuen Stadt schnell \u00fcberfordert ist und die Menschen dort wahrscheinlich eine andere Sprache sprechen. Stattdessen w\u00fcrden sie einen direkten Transfer vom Flughafen in die Stadt bevorzugen? Nun \u2013 es gibt mehrere L\u00f6sungen f\u00fcr ihren Transfer von [&#8230;]<\/p>\n<p><a class=\"btn btn-secondary understrap-read-more-link\" href=\"https:\/\/www.sicily-transfer.com\/de\/palermo-airport-transfer\/transfer-from-palermo-airport-to-sciacca\/\">Weiterlesen&#8230;<\/a><\/p>\n","protected":false},"author":1,"featured_media":0,"parent":292,"menu_order":0,"comment_status":"closed","ping_status":"closed","template":"page-templates\/transfer-new-pa-single.php","meta":{"footnotes":""},"aioseo_notices":[],"_links":{"self":[{"href":"https:\/\/www.sicily-transfer.com\/de\/wp-json\/wp\/v2\/pages\/396"}],"collection":[{"href":"https:\/\/www.sicily-transfer.com\/de\/wp-json\/wp\/v2\/pages"}],"about":[{"href":"https:\/\/www.sicily-transfer.com\/de\/wp-json\/wp\/v2\/types\/page"}],"author":[{"embeddable":true,"href":"https:\/\/www.sicily-transfer.com\/de\/wp-json\/wp\/v2\/users\/1"}],"replies":[{"embeddable":true,"href":"https:\/\/www.sicily-transfer.com\/de\/wp-json\/wp\/v2\/comments?post=396"}],"version-history":[{"count":3,"href":"https:\/\/www.sicily-transfer.com\/de\/wp-json\/wp\/v2\/pages\/396\/revisions"}],"predecessor-version":[{"id":408,"href":"https:\/\/www.sicily-transfer.com\/de\/wp-json\/wp\/v2\/pages\/396\/revisions\/408"}],"up":[{"embeddable":true,"href":"https:\/\/www.sicily-transfer.com\/de\/wp-json\/wp\/v2\/pages\/292"}],"wp:attachment":[{"href":"https:\/\/www.sicily-transfer.com\/de\/wp-json\/wp\/v2\/media?parent=396"}],"curies":[{"name":"wp","href":"https:\/\/api.w.org\/{rel}","templated":true}]}}