{"id":25,"date":"2015-05-31T16:48:13","date_gmt":"2015-05-31T14:48:13","guid":{"rendered":"http:\/\/www.sicily-transfer.com\/?page_id=25"},"modified":"2016-10-12T10:09:35","modified_gmt":"2016-10-12T08:09:35","slug":"airport-transfer-catania","status":"publish","type":"page","link":"https:\/\/www.sicily-transfer.com\/de\/airport-transfer-catania\/","title":{"rendered":"Airport Transfer Catania"},"content":{"rendered":"<ul>\n<ul>\n<li>Sie m\u00fcssen nicht auf ein Taxi warten, wir warten auf Sie.<\/li>\n<li>Der Fahrer erwartet Sie mit einem\u00a0<strong>Namensschild<\/strong>\u00a0am Ausgang<\/li>\n<li>\u00dcberaus vorteilhafte\u00a0<strong>Festpreise<\/strong>. So erwartet Sie keine\u00a0\u00dcberraschung<\/li>\n<li>Das Fahrzeug wird exklusiv f\u00fcr Sie eingesetzt. Das Fahrzeug wird nicht mit anderen Personen geteilt.<\/li>\n<li>Auf Anfrage kostenloser Kindersitz<\/li>\n<li>Sie kommen auf den schnellsten Weg auf angenehme Weise an Ihr Ziel<\/li>\n<\/ul>\n<\/ul>\n<p>.<\/p>\n<p>.<\/p>\n<p>.<\/p>\n<p>.<\/p>\n \n<script src=\"https:\/\/maps.googleapis.com\/maps\/api\/js?key=AIzaSyDzKQ5ccpc1T4nTHuoPeVVOKNA8ZUBT2jw&libraries=geometry,places\">\n<\/script>\n\n\n\n    <script type=\"text\/javascript\">\n        \/\/<![CDATA[\n          var map = null;\n          var directionDisplay;\n          var directionsService = new google.maps.DirectionsService();\n\n          function initialize() {\n            directionsDisplay = new google.maps.DirectionsRenderer();\n\n            var Australia = new google.maps.LatLng(37.505214,15.085236);\n\n            var mapOptions = {  \n                        center              : Australia,\n                        zoom                : 15,\n                        minZoom             : 8,\n                        streetViewControl   : false,\n                        mapTypeId           : google.maps.MapTypeId.ROADMAP,\n                        zoomControlOptions  : {style:google.maps.ZoomControlStyle.MEDIUM}\n                    };\n\n\n            map = new google.maps.Map(document.getElementById('map_canvas'),\n                mapOptions);\n\n             \/\/Find From location    \n        var fromText = document.getElementById('start');\n        var fromAuto = new google.maps.places.Autocomplete(fromText);\n        fromAuto.bindTo('bounds', map);\n        \/\/Find To location\n        var toText = document.getElementById('end');\n        var toAuto = new google.maps.places.Autocomplete(toText);\n        toAuto.bindTo('bounds', map);\n        \/\/  \n            directionsDisplay.setMap(map);\n            directionsDisplay.setPanel(document.getElementById('directions-panel'));\n\n            \/*var control = document.getElementById('control');\n            control.style.display = 'block';\n            map.controls[google.maps.ControlPosition.TOP].push(control);*\/\n          }\n\n          function calcRoute() {\n            var start = document.getElementById('start').value;\n            var end = document.getElementById('end').value;\n            var request = {\n              origin: start,\n              destination: end,\n              travelMode: google.maps.DirectionsTravelMode.DRIVING\n            };\n            directionsService.route(request, function(response, status) {\n              if (status == google.maps.DirectionsStatus.OK) {\n                directionsDisplay.setDirections(response);\n                computeTotalDistance(response);\n              }\n            });\n          }\n          function computeTotalDistance(result) {\n          var total = 0;\n          var myroute = result.routes[0];\n          for (i = 0; i < myroute.legs.length; i++) {\n            total += myroute.legs[i].distance.value;\n          }\n          total = total \/ 1000;\n          \/*Start Calculating Distance Fair*\/\n              if (10>total){\n              var cost = 32;\n              }\n              else if (10<total && 60>total)\n                {\n                var cost = (total * 1.3) + 15;\n                }\n                               \n              \n                \n        \n                \n                  else if (60<total)\n                {\n                     var cost = (total * 1.16);\n                }\n                \n                else\n                {\n                    var cost = (((total - 50) * 3) + 130);\n                }\n\n              var faree = cost;\n              var fare = Math.trunc(Math.round(faree*100)\/100);\n              \n              var fare2e = cost + (cost\/100 * 35);\n              var fare2 = Math.trunc(Math.round(fare2e*100)\/100);\n              \n              var fare3e = cost + (cost\/100 * 90);\n              var fare3 = Math.trunc(Math.round(fare3e*100)\/100);\n              \n                      \n              var fare4e = cost + (cost\/100 * 135);\n              var fare4 = Math.trunc(Math.round(fare4e*100)\/100);\n              \n            \n          \/*Distance Fair Calculation Ends*\/\n\n          document.getElementById(\"total\").innerHTML = \"\u20ac \" + fare;\n          document.getElementById(\"total2\").innerHTML = \"\u20ac \" + fare2;\n          document.getElementById(\"total3\").innerHTML = \"\u20ac \" + fare3;\n            document.getElementById(\"total4\").innerHTML = \"\u20ac \" + fare4;\n          \n              document.getElementById(\"km\").innerHTML = \"Km \" + Math.trunc(total) + \"\";\n              \n              document.getElementById('fromma').innerHTML = document.getElementById('start').value;\n              document.getElementById('tomma').innerHTML = document.getElementById('end').value;\n              \n              var starta = document.getElementById('start').value;\n              var enda = document.getElementById('end').value;\n              var paxxa = document.getElementById('sel1').value;\n            \n             \n             var url = new URL(\"https:\/\/go-etna.net\/booking\/transfer.php?cod=D&id=24\");\n\n\t\t\t\t\n\t\t\t\turl.searchParams.append('start', starta);\n\t\t\t    url.searchParams.set('end', enda);\n\t\t\t    url.searchParams.set('pax', paxxa);\n\t\t\n\t\t\t    \n\t\t\t    \n\t\t\t    document.getElementById('link1').innerHTML = '<a href=\"'+url+'&class=1&act=1&price='+fare+'\" target=\"_blank\" role=\"button\" class=\"btn btn-outline-success\">BUCHEN SIE JETZT<\/a>';\n\t\t\t    document.getElementById('link2').innerHTML = '<a href=\"'+url+'&class=2&act=1&price='+fare2+'\" target=\"_blank\" role=\"button\" class=\"btn btn-outline-success\">BUCHEN SIE JETZT<\/a>';\n\t\t\t    document.getElementById('link3').innerHTML = '<a href=\"'+url+'&class=3&act=1&price='+fare3+'\" target=\"_blank\" role=\"button\" class=\"btn btn-outline-success\">BUCHEN SIE JETZT<\/a>';\n\t\t\t    document.getElementById('link4').innerHTML = '<a href=\"'+url+'&class=4&act=1&price='+fare4+'\" target=\"_blank\" role=\"button\" class=\"btn btn-outline-success\">BUCHEN SIE JETZT<\/a>';\n\n              \n              \n              closeModal();\n          }\n\n        function auto() {\n        var input = document.getElementById[('start'), ('end')];\n        var types\n        var options = {\n           types: [],\n           componentRestrictions: {country: [\"ITA\"]}\n            };\n            var autocomplete = new google.maps.places.Autocomplete(input, options);\n         }\n\n          google.maps.event.addDomListener(window, 'load', initialize);\n          \n        <\/script>\n        \n           \n    \n    <span onLoad=\"initialize()\"><\/span>\n\n\t\t\n\t\t<div class=\"col-md-12\">\n\t\t\t\n\t\t\n\t\t<div class=\"form-group\">\n\t\t \t<label for=\"basic-url\" style=\"font-size: 20px; font-weight: bold\"><i class=\"fad fa-map-marker-alt\"><\/i> Startadresse<\/label>\n\t\t \t\t\n\t\t \t\t<div style=\"position: relative\">\n  \t\t\t\t<input type=\"text\" id=\"start\" name=\"start\" \n  \t\t\t\t\n  \t\t\t\t onfocus=\"mySuggest()\"\n  \t\t\t\t \n  \t\t\t\t onkeydown=\"document.getElementById('suggestions').style.display='none';\"\n  \t\t\t\t\n  \t\t\t\tclass=\"form-control form-control-lg\" placeholder=\"Enter address\" aria-describedby=\"basic-addon2\" required>\n\t\t\t\n\t\t\t\n\n\t\t\t<div id=\"suggestions\" style=\"position: absolute; background-color: #ffffff; z-index: 9; width: 99%; padding: 8px; display: none; border: 1px solid #d8d8d8; -webkit-box-shadow: 2px 2px 5px 0px rgba(189,189,189,1);\n-moz-box-shadow: 2px 2px 5px 0px rgba(189,189,189,1);\nbox-shadow: 2px 2px 5px 0px rgba(189,189,189,1); \">\n\t\t\t\t\n\t\t\t\t<span style=\"font-size:16px;\">Geben Sie oben eine Adresse ein <i class=\"fad fa-level-up\"><\/i> <br \/>\noder w\u00e4hlen Sie aus den am h\u00e4ufigsten gew\u00e4hlten:<\/span><br \/> <br \/>\n\t\t\t\t<button type=\"button\" class=\"btn\" style=\"font-size: 20px; margin-top: 0px; margin-bottom: -10px;\" value=\"Aeroporto Catania Fontanarossa - Vincenzo Bellini\" onclick=\"moveNumbers(this.value); document.getElementById('suggestions').style.display='none';\"><i class=\"fad fa-plane\"><\/i> Catania Flughafen<\/button>\n\t\t\t\t\n\t\t\t\t<hr>\n\t\t\t\t<button type=\"button\" class=\"btn\"  style=\"font-size: 20px;  margin-top: -10px; margin-bottom: -10px;\" value=\"Aeroporto Comiso\" onclick=\"moveNumbers(this.value); document.getElementById('suggestions').style.display='none';\"><i class=\"fad fa-plane\"><\/i> Comiso Flughafen<\/button> \n\t\t\t\t\n\t\t\t\t<hr>\n\t\t\t\t\n\t\t\t\t<button type=\"button\" class=\"btn\" style=\"font-size: 20px;  margin-top: -10px; \" value=\"Porto di Messina\" onclick=\"moveNumbers(this.value); document.getElementById('suggestions').style.display='none';\"> <i class=\"fad fa-ship\"><\/i> Hafen von Messina<\/button> \n\t\t\t\t\t\n\t\t\t\t\n\t\t\t<\/div>\n\t\t\t\n\t\t\t\n\t\t\t\n\t<script type=\"text\/javascript\">\n\t\t\n\t\t\n\t\n\t\t\n\t\tfunction mySuggest() {\n if(document.getElementById(\"start\").value.length == 0)\n{\n   document.getElementById('suggestions').style.display='block';\n   \n} }\n\n<\/script>\n\n\t\t \t\t<\/div>\n\t\t \t\t\n\t\t \t\t\n\t\t \t\t\n\t\t<\/div>\n\n\n\t\t<div class=\"form-group\">\n\t\t \t<label for=\"basic-url\" style=\"font-size: 20px; font-weight: bold\"><i class=\"fad fa-map-marker-alt\"><\/i> Endadresse<\/label>\n\t\t \t\t<div style=\"position: relative\">\n  \t\t\t\t<input type=\"text\" id=\"end\" name=\"end\" class=\"form-control form-control-lg\" \n  \t\t\t\tonfocus=\"mySuggest2()\"\n  \t\t\t\t \n  \t\t\t\t onkeydown=\"document.getElementById('suggestions2').style.display='none';\"\n  \t\t\t\t\n  \t\t\t\tplaceholder=\"Enter address\" aria-describedby=\"basic-addon2\" required>\n  \t\t\t\t\n  \t\t\t\t\n  \t\t\t\t<div id=\"suggestions2\" style=\"position: absolute; background-color: #ffffff; z-index: 9; width: 99%; padding: 8px; display: none; border: 1px solid #d8d8d8; -webkit-box-shadow: 2px 2px 5px 0px rgba(189,189,189,1);\n-moz-box-shadow: 2px 2px 5px 0px rgba(189,189,189,1);\nbox-shadow: 2px 2px 5px 0px rgba(189,189,189,1); \">\n\t\t\t\t\n\t\t\t\t<span style=\"font-size:16px;\">Geben Sie oben eine Adresse ein <i class=\"fad fa-level-up\"><\/i> <br \/>\noder w\u00e4hlen Sie aus den am h\u00e4ufigsten gew\u00e4hlten:<\/span><br \/> <br \/>\n\t\t\t\t<button type=\"button\" class=\"btn\" style=\"font-size: 20px; margin-top: 0px; margin-bottom: -10px;\" value=\"Porto di Milazzo - Molo Aliscafi\" onclick=\"moveNumbers3(this.value); document.getElementById('suggestions2').style.display='none';\"> <i class=\"fad fa-ship\"><\/i> Milazzo Hafen<\/button> \n\t\t\t\t\n\t\t\t\t<hr>\n\t\t\t\t<button type=\"button\" class=\"btn\"  style=\"font-size: 20px;  margin-top: -10px; margin-bottom: -10px;\" value=\"Aeroporto Catania Fontanarossa - Vincenzo Bellini\" onclick=\"moveNumbers3(this.value); document.getElementById('suggestions2').style.display='none';\"><i class=\"fad fa-plane\"><\/i> Catania Flughafen<\/button>\n\t\t\t\t\n\t\t\t\t<hr>\n\t\t\t\t\n\t\t\t\t<button type=\"button\" class=\"btn\" style=\"font-size: 20px;  margin-top: -10px; \" value=\"Marina di Portorosa\" onclick=\"moveNumbers3(this.value); document.getElementById('suggestions2').style.display='none';\"> <i class=\"fad fa-ship\"><\/i> Marina Portorosa<\/button>\n\t\t\t\t\t\n\t\t\t\t\n\t\t\t<\/div>\n\t\t\t\n\t\t \t\n  \t\t\t\t\n  \t\t\t\t\t<script type=\"text\/javascript\">\n\t  \t\t\t\t\t\n\t  \t\t\t\t\t\n\t\tfunction mySuggest2() {\n if(document.getElementById(\"end\").value.length == 0)\n{\n   document.getElementById('suggestions2').style.display='block';\n} }\n\n<\/script>\n\t<\/div>\n\t\t\t\t\n\t\t\t\t\n\t\t<\/div>\n\t\t\n\t\t\n\t\t\n\t\t\n\t\t\n\t\t \t <script>\n        function moveNumbers(number){\n            document.getElementById(\"start\").value=number;\n        }\n        \n          function moveNumbers3(number){\n            document.getElementById(\"end\").value=number;\n        }\n    <\/script>\n\n\t\n\t\n\t\t\t\n\t\t\t\t\t\n\t\t\t\t\t\n\t\t\t\t\t<div class=\"form-group\">\n  <label for=\"sel1\" style=\"font-size: 20px; font-weight: bold\"><i class=\"fad fa-users\"><\/i> Passagiere<\/label>\n  <select class=\"form-control form-control-lg\" id=\"sel1\">\n    <option value=\"1\">1<\/option>\n    <option value=\"2\">2<\/option>\n    <option value=\"3\">3<\/option>\n    <option value=\"4\">4<\/option>\n    <option value=\"5\">5<\/option>\n    <option value=\"6\">6<\/option>\n    <option value=\"7\">7<\/option>\n    <option value=\"8\">8<\/option>\n  <\/select>\n<\/div>\n\n\n\t\t\t\n\n\n\t\t\n\t\t\n\t\t \n\t\t <button type=\"button\" id=\"sendButton\" class=\"btn btn-lg btn-block\" onClick=\"calcRoute(); showDiv(); openModal();\" style=\"background-color: #6ebc92; color: #ffffff;  border-bottom: 3px solid #40845f\">SUCHEN<\/button>\n<\/div>\n\t\t\n\t\t<script>\n\t\t\t\n\t\t\tfunction showDiv() {\n\t\t\t\t\n\t\t\t\t$('html, body').animate({\n        scrollTop: $(\"#txtHint\").offset().top\n    }, 2000);\n\t\t\t\t\n\t\t\t\tif(document.getElementById('sel1').value < \"4\") {\n     \/\/Do something\n        document.getElementById('business').style.display = \"block\";\n        document.getElementById('first').style.display = \"block\";\n                document.getElementById('van').style.display = \"none\";\n        document.getElementById('vanf').style.display = \"none\";\n} else {\n     \/\/Do something\n        document.getElementById('van').style.display = \"block\";\n        document.getElementById('vanf').style.display = \"block\";\n            document.getElementById('business').style.display = \"none\";\n        document.getElementById('first').style.display = \"none\";\n}\n\n   \n}\n\n\t\t\t<\/script>\n\t\t\t\n\t\t\t\n\t\t\t\n\t\t<script src=\"https:\/\/ajax.googleapis.com\/ajax\/libs\/jquery\/2.2.2\/jquery.min.js\"><\/script>\n<script>\n\t\n\tfunction openModal() {\n        document.getElementById('modal221').style.display = 'block';\n        document.getElementById('txtHint').style.display = 'none';\n         document.getElementById('nascosto').style.display = 'block';\n         \n\n \n}\n\nfunction closeModal() {\n\t\n\t\n\tsetTimeout(function() {\n    $('#modal221').hide();\n}, 1500); \/\/ <-- time in milliseconds\n\t\n\tsetTimeout(function() {\n    $('#txtHint').show();\n}, 1500); \/\/ <-- time in milliseconds\n\n\n\n}\n\n<\/script>\t\t\n\t\t\t\n\t\t\t\n\t\t\t\n\n\t\t\t\n\t\t\t\n\t\t\t\n\t\t\t\n\t\t\t\n\t\t\t\n\t\t\t\n\t\t\t\n\t\t\t\n\t\t\t\n\t\t\t<div class=\"col-md-12\" id=\"modal221\" style=\"display: none;\">\n\t\t\t<br \/><br \/>\t\n\t\t\t<center>\n\t\t\t<div class=\"d-flex justify-content-center\">\n<div class=\"spinner-border\" style=\"width: 3rem; height: 3rem; color: #43a77d\" role=\"status\">\n    <span class=\"sr-only\">Loading...<\/span>\n  <\/div>\n<\/div>\n\t\t\t<\/center>\n\t\t\t\n\t\t\t\n\t\t\t<\/div>\n\t\t\t\n\t     \t<div  id=\"txtHint\">\n\t\t\t\n\t\t\t\n\t\t\t\n\t\t\t <div id=\"map_canvas\" style=\"width: 100%; height: 100%; display: none\"><\/div>\n\t\t\t<br \/>\n\t\t\t\n\t\t\t<div id=\"nascosto\" style=\"display: none;\">\n\t\t\t\t<br \/>\t<br \/><br \/>\n\t\t\t<div style=\"text-align: right; display: block; font-size: 25px;\"><i class=\"fal fa-road\" style=\"padding-right: 10px\"><\/i> <div id=\"km\" style=\"display: inline-block\"><\/div><\/div>\n\t\t\t\n\t\t\t\t<strong><i class=\"fad fa-arrow-to-right fa-fw\"><\/i> Startadresse:<\/strong> <div id=\"fromma\" style=\"display: inline-block\"><\/div><br \/>\n\t\t\t\t<strong><i class=\"fad fa-arrow-to-left fa-fw\"><\/i> Endadresse:<\/strong> <div id=\"tomma\" style=\"display: inline-block\"><\/div>\n\t\t\t<\/div>\n\t\t\t\n\t\t\t<div id=\"business\" style=\"background-color: #f9f9f9; padding: 10px; display: none; margin-top: 10px; margin-bottom: 14px; border-radius: 10px\">\n\t\t\t\t<div class=\"row\">\n\t\t\t\t<div class=\"col-lg-4\"> \n\t\t\t\t\t<img decoding=\"async\" src=\"https:\/\/www.sicilylimousine.com\/wp-content\/uploads\/2017\/06\/wall-blackwhite-300x200.jpg\" width=\"100%\">\n\t\t\t\t<\/div>\n\t\t<div class=\"col-lg-4\"> \n\t\t\t<span style=\"font-size: 20px;\">Business Class<\/span> <br \/>\n\t\t\t<strong>1- 3 Passagiere<\/strong><br \/>\n\t\t\tMercedes E Class oder \u00e4hnliches\t\t<\/div>\n\t\t\n\t\t\t<div class=\"col-lg-4\" style=\"text-align: right;\">\n\t\t\t<div id=\"total\" style=\"font-size: 38px; color: #43a77d; text-align: right\"><\/div>\n\t\t\t<span style=\"color:#43a77d; font-size: 13px;\"><i class=\"fad fa-check-circle fa-fw\"><\/i> Kostenfreie Stornierung<br \/><\/span>\n\t\t\t<strong style=\"font-size: 13px;\"><i class=\"fad fa-shield-check fa-fw\"><\/i> Keine versteckten Kosten<\/strong><br \/>\n\t\t\t<div id=\"link1\" style=\"padding-top: 8px;\"><\/div>\n\n\t\t<\/div>\n\t\t\t\n\t\t\t<\/div>\n\t\t\t<\/div>\n\t\t\t\n\t\t\t\n\t\n\t\t\t<div  id=\"van\" style=\"background-color: #f9f9f9; padding: 10px; display: none; margin-top: 10px; margin-bottom: 14px; border-radius: 10px\">\n\t\t\t\t\t<div class=\"row\">\n\t\t\t\t<div class=\"col-lg-4\"> \n\t\t\t\t\t<img decoding=\"async\" src=\"https:\/\/www.sicilylimousine.com\/wp-content\/uploads\/2017\/05\/vito-300x200.jpg\" width=\"100%\">\n\t\t\t\t<\/div>\n\t\t<div class=\"col-lg-4\"> \n\t\t\t<span style=\"font-size: 20px;\">Van Business Class<\/span> <br \/>\n\t\t\t<strong>4 - 8 Passagiere<\/strong><br \/>\n\t\t\tMercedes Sprinter oder \u00e4hnliches\t\t<\/div>\n\t\t<div class=\"col-lg-4\" style=\"text-align: right;\">\n\t\t\t<div id=\"total2\" style=\"font-size: 38px; color: #43a77d; text-align: right\"><\/div>\n\t\t\t<span style=\"color:#43a77d; font-size: 13px;\"><i class=\"fad fa-check-circle fa-fw\"><\/i> Kostenfreie Stornierung<br \/><\/span>\n\t\t\t<strong style=\"font-size: 13px;\"><i class=\"fad fa-shield-check fa-fw\"><\/i> Keine versteckten Kosten<\/strong><br \/>\n\t\t<div id=\"link2\" style=\"padding-top: 8px;\"><\/div>\n\t\t<\/div>\n\t\t\n\t\t\t\n\t\t\t<\/div><\/div>\n\t\t\t\t\n\t\t\t\t\t\t<div id=\"first\" style=\"background-color: #f9f9f9; padding: 10px; display: none; margin-top: 10px; margin-bottom: 14px; border-radius: 10px\">\n\t\t\t\t\t\t\t\t<div class=\"row\">\n\t\t\t\t<div class=\"col-lg-4\"> \n\t\t\t\t\t<img decoding=\"async\" src=\"https:\/\/www.sicilylimousine.com\/wp-content\/uploads\/2017\/05\/classe-s-300x200.jpg\" width=\"100%\">\n\t\t\t\t<\/div>\n\t\t<div class=\"col-lg-4\"> \n\t\t\t<span style=\"font-size: 20px;\">First Class<\/span> <br \/>\n\t\t\t<strong>1 - 3 Passagiere<\/strong><br \/>\n\t\t\tMercedes S Class oder \u00e4hnliches\t\t<\/div>\n\t\n\t\t\t<div class=\"col-lg-4\" style=\"text-align: right;\">\n\t\t\t<div id=\"total3\" style=\"font-size: 38px; color: #43a77d; text-align: right\"><\/div>\n\t\t\t<span style=\"color:#43a77d; font-size: 13px;\"><i class=\"fad fa-check-circle fa-fw\"><\/i> Kostenfreie Stornierung<br \/><\/span>\n\t\t\t<strong style=\"font-size: 13px;\"><i class=\"fad fa-shield-check fa-fw\"><\/i> Keine versteckten Kosten<\/strong><br \/>\n\t\t\t<div id=\"link3\" style=\"padding-top: 8px;\"><\/div>\n\t\t<\/div>\n\t\t\t\n\t\t\t<\/div><\/div>\n\t\t\n\t\n\t\t\t\t\t\t<div id=\"vanf\" style=\"background-color: #f9f9f9; padding: 10px; display: none; margin-top: 10px; margin-bottom: 14px; border-radius: 10px\">\n\t\t\t\t\t\t\t\t<div class=\"row\">\n\t\t\t\t<div class=\"col-lg-4\"> \n\t\t\t\t\t<img decoding=\"async\" src=\"https:\/\/www.sicilylimousine.com\/wp-content\/uploads\/2017\/05\/vclass-300x200.jpg\" width=\"100%\">\n\t\t\t\t<\/div>\n\t\t<div class=\"col-lg-4\"> \n\t\t\t<span style=\"font-size: 20px;\">Van First Class<\/span> <br \/>\n\t\t\t<strong>4 - 6 Passagiere<\/strong><br \/>\n\t\t\tMercedes V Class oder \u00e4hnliches\t\t<\/div>\n\t\n\t\t\t<div class=\"col-lg-4\" style=\"text-align: right;\">\n\t\t\t<div id=\"total4\" style=\"font-size: 38px; color: #43a77d; text-align: right\"><\/div>\n\t\t\t <span style=\"color:#43a77d; font-size: 13px;\"><i class=\"fad fa-check-circle fa-fw\"><\/i> Kostenfreie Stornierung<br \/><\/span>\n\t\t\t<strong style=\"font-size: 13px;\"><i class=\"fad fa-shield-check fa-fw\"><\/i> Keine versteckten Kosten<\/strong><br \/>\n\t\t\t<div id=\"link4\" style=\"padding-top: 8px;\"><\/div>\n\t\t<\/div>\n\t\t\t\n\t\t\t<\/div>\n\n\t\t\t\t\t\t<\/div>\n\t\n\n\t\t<\/div>","protected":false},"excerpt":{"rendered":"<p class=\"qtranxs-available-languages-message qtranxs-available-languages-message-de\">Leider ist der Eintrag nur auf <a href=\"https:\/\/www.sicily-transfer.com\/en\/wp-json\/wp\/v2\/pages\/25\" class=\"qtranxs-available-language-link qtranxs-available-language-link-en\" title=\"English\">English<\/a> verf\u00fcgbar.<\/p>\n","protected":false},"author":1,"featured_media":93,"parent":0,"menu_order":0,"comment_status":"open","ping_status":"open","template":"","meta":{"footnotes":""},"aioseo_notices":[],"_links":{"self":[{"href":"https:\/\/www.sicily-transfer.com\/de\/wp-json\/wp\/v2\/pages\/25"}],"collection":[{"href":"https:\/\/www.sicily-transfer.com\/de\/wp-json\/wp\/v2\/pages"}],"about":[{"href":"https:\/\/www.sicily-transfer.com\/de\/wp-json\/wp\/v2\/types\/page"}],"author":[{"embeddable":true,"href":"https:\/\/www.sicily-transfer.com\/de\/wp-json\/wp\/v2\/users\/1"}],"replies":[{"embeddable":true,"href":"https:\/\/www.sicily-transfer.com\/de\/wp-json\/wp\/v2\/comments?post=25"}],"version-history":[{"count":19,"href":"https:\/\/www.sicily-transfer.com\/de\/wp-json\/wp\/v2\/pages\/25\/revisions"}],"predecessor-version":[{"id":181,"href":"https:\/\/www.sicily-transfer.com\/de\/wp-json\/wp\/v2\/pages\/25\/revisions\/181"}],"wp:featuredmedia":[{"embeddable":true,"href":"https:\/\/www.sicily-transfer.com\/de\/wp-json\/wp\/v2\/media\/93"}],"wp:attachment":[{"href":"https:\/\/www.sicily-transfer.com\/de\/wp-json\/wp\/v2\/media?parent=25"}],"curies":[{"name":"wp","href":"https:\/\/api.w.org\/{rel}","templated":true}]}}