{"id":215,"date":"2020-03-15T11:04:54","date_gmt":"2020-03-15T10:04:54","guid":{"rendered":"http:\/\/www.sicily-transfer.com\/?page_id=215"},"modified":"2021-11-26T11:36:06","modified_gmt":"2021-11-26T10:36:06","slug":"catania-airport-transfer","status":"publish","type":"page","link":"https:\/\/www.sicily-transfer.com\/de\/catania-airport-transfer\/","title":{"rendered":"Catania Airport Transfer"},"content":{"rendered":"<h2>Flughafentransfer Catania<\/h2>\n<p><strong>Der Flughafen Catania (CTA)<\/strong> ist einer der betriebsamsten in Sizilien. Go-Etna sorgt mit seiner Alternative zum Taxi gern daf\u00fcr, dass Ihre Reise entspannt verl\u00e4uft. <\/p>\n<p><strong>Unser Flughafentransfer<\/strong> umfasst Flight Tracking, eine Wartezeit von bis zu einer Stunde f\u00fcr Kontrollen und Gep\u00e4ck sowie alle Steuern und Geb\u00fchren. Mieten Sie unsere Fahrzeuge stundenweise als Airport Shuttle. So beginnt Ihr Besuch in Sizilien mit der Begr\u00fc\u00dfung durch Ihren Fahrer, der Ihr Gep\u00e4ck entgegen nimmt, zum Auto tr\u00e4gt und Sie dann an Ihr Ziel bringt. <strong>Die Alternative zum Taxi in Catania.<\/strong><\/p>\n<p style=\"text-align: left;\"><strong>Unser Transfer und Taxi Service\u00a0<\/strong>vom und zum <strong>Flughafen Catania Vincenzo Bellini &#8211; Fontanarossa (CTA)<\/strong> bedient\u00a0H\u00e4fen, Bahnh\u00f6fe, Hotels, Golf Resorts, und Privatadressen auf ganz Sizilien.<\/p>\n<p style=\"text-align: left;\">Alle\u00a0Fahrer und Fahrzeuge\u00a0sind versichert und\u00a0voll lizenziert.<\/p>\n<p style=\"text-align: left;\">Die Reservierung ist kostenlos. Sie zahlen nur den vereinbarten <strong>Festpreis<\/strong>.<\/p>\n<h4>Off-road Transfers Sizilien<\/h4>\n<p>Ihr Reiseziel auf Sizilien befindet sich in <strong>unwegsamem Gel\u00e4nde oder auf unbefestigten Stra\u00dfen?<\/strong> Keine Sorge, wir bieten auch <strong>Off-road Transfers mit unseren 4&#215;4 Fahrzeugen<\/strong> an, die Sie sicher und komfortabel an Ihr Ziel bringen werden. <\/p>\n<div style=\"border-bottom: 1px solid #f2f2f2; padding: 20px; margin-top: 10px;  margin-bottom: 10px; width:100%; display block; clear:left\"><\/div>\n<h3 class=\"tittourh2\"><i class=\"fas fa-info-square\"><\/i> Ihre Vorteile wenn Sie unseren Flughafentransfer Service nutzen:<\/h3>\n<ul class=\"fa-ul\">\n<li class=\"nonee\" style=\"padding-top: 5px;\"><span class=\"fa-li\" style=\"padding-top: 5px;\"><i class=\"fas fa-wifi fa-lg\"><\/i><\/span> <span class=\"incllist2\">kostenloses WiFi an Bord<\/span><\/li>\n<li class=\"nonee\" style=\"padding-top: 5px;\"><span class=\"fa-li\" style=\"padding-top: 5px;\"><i class=\"fas fa-user-circle fa-lg\"><\/i><\/span> <span class=\"incllist2\">Sie warten nicht auf ein Taxi, sondern wir warten auf Sie<\/span><\/li>\n<li class=\"nonee\" style=\"padding-top: 5px;\"><span class=\"fa-li\" style=\"padding-top: 5px;\"><i class=\"fas fa-chalkboard-teacher fa-lg\"><\/i><\/span> <span class=\"incllist2\"><strong>Sie werden Ihren Fahrer sofort erkennen<\/strong>, er wird ein Schild mit Ihrem Namen haben<\/span><\/li>\n<li class=\"nonee\" style=\"padding-top: 5px;\"><span class=\"fa-li\" style=\"padding-top: 5px;\"><i class=\"fas fa-percent fa-lg\"><\/i><\/span> <span class=\"incllist2\">\u00dcberaus vorteilhafte\u00a0<strong>Festpreise<\/strong>. So erwartet Sie keine\u00a0\u00dcberraschung<\/span><\/li>\n<li class=\"nonee\" style=\"padding-top: 5px;\"><span class=\"fa-li\" style=\"padding-top: 5px;\"><i class=\"fas fa-child fa-lg\"><\/i><\/span> <span class=\"incllist2\">Auf Anfrage kostenloser Kindersitz<\/span><\/li>\n<li class=\"nonee\" style=\"padding-top: 5px;\"><span class=\"fa-li\" style=\"padding-top: 5px;\"><i class=\"fas fa-car fa-lg\"><\/i><\/span> <span class=\"incllist2\">Das Fahrzeug wird exklusiv f\u00fcr Sie eingesetzt. Das Fahrzeug wird nicht mit anderen Personen geteilt.<\/span><\/li>\n<li class=\"nonee\" style=\"padding-top: 5px;\"><span class=\"fa-li\" style=\"padding-top: 5px;\"><i class=\"fas fa-shield-check fa-lg\"><\/i><\/span> <span class=\"incllist2\">Sie kommen auf den schnellsten Weg auf angenehme Weise an Ihr Ziel<\/span><\/li>\n<\/ul>\n<div style=\"border-bottom: 1px solid #f2f2f2; padding: 20px; margin-top: 10px;  margin-bottom: 10px; width:100%; display block; clear:left\"><\/div>\n\n    <br \/>\n      <div style=\"background-color: #ec5610; color: #fff; padding:15px; border-radius:10px; margin-bottom: 20px\">\n   <center>   <h3>Warum sollten Sie Ihren Transfer bei Go-Etna buchen?<\/h3><\/center>\n   <br \/>\n    <div class=\"row\">\n    \n    <div class=\"col-md-3\"> \n    \n     <center>\n    <i class=\"fad fa-shield-check fa-3x\"><\/i><br \/><br \/>\n   \n \n    \n    \n    <strong>ALL-INLCUSIVE <br \/>TARIFE<\/strong><\/span><br \/><br \/>\n    <p style=\"font-size:13px; line-height: 18px;\">Ihr erschwinglicher vor der Buchung best\u00e4tigte All-Inclusive Tarif beinhaltet alle Steuern und Geb\u00fchren  <\/p>\n    <\/center>\n    <\/div>\n    \n    \n     <div class=\"col-md-3\"> <center> <i class=\"fad fa-hourglass-end fa-3x\"><\/i><br \/>\n    <br \/>\n \n    \n    \n    <strong>KOSTENFREIE <br \/>WARTEZEIT<\/strong><br \/><br \/>\n    <p style=\"font-size:13px; line-height: 18px;\"> Nehmen Sie sich ganz entspannt Zeit. Flughafen-Pickups beinhalten 60 Minuten kostenfreie Wartezeit.   <\/p>\n    <\/center> <\/div>\n    \n    \n    \n    \n   <div class=\"col-md-3\">  <center><i class=\"fad fa-user-tie fa-3x\"><\/i><br \/>\n    <br \/>\n   \n    \n    \n    <strong>PROFESSIONELLE FAHRER<\/strong><br \/><br \/>\n    <p style=\"font-size:13px; line-height: 18px;\">  Seien Sie ganz entspannt, unsere Fahrer sind alle lizenziert und versichert   <\/p><\/center>\n   <\/div>\n    \n    \n        \n    \n <div class=\"col-md-3\"> <center><i class=\"fad fa-gem fa-3x\"><\/i><br \/>\n    <br \/>\n    \n    \n    \n    <strong>BUSINESS ODER <br \/> FIRST CLASS<\/strong><br \/><br \/>\n   <p style=\"font-size:13px; line-height: 18px;\">   Sie k\u00f6nnen zwischen der Business Variante oder erster Klasse w\u00e4hlen <\/p><\/center>\n  <\/div>\n  \n  <\/div>\n    <\/div>\n    \n<div style=\"border-bottom: 1px solid #f2f2f2; padding: 20px; margin-top: 10px;  margin-bottom: 10px; width:100%; display block; clear:left\"><\/div>\n<p>Die Preise f\u00fcr nicht\u00a0aufgef\u00fchrte\u00a0Destinationen oder f\u00fcr Gruppen von mehr als 8 bzw. 16 Personen erfragen Sie uns bitte\u00a0telefonisch +39 346 3030429 oder per\u00a0E-Mail.<br \/>\n<\/span><\/p>\n<div style=\"border-bottom: 1px solid #f2f2f2; padding: 20px; margin-top: 10px;  margin-bottom: 10px; width:100%; display block; clear:left\"><\/div>\n<img decoding=\"async\" src=\"https:\/\/www.go-etna.com\/wp-content\/uploads\/2020\/01\/logo-NLA.png\" alt=\"NLA\" width=\"150\" class=\"alignright size-full wp-image-8505\" \/><br \/>\n<div style=\"border-bottom: 1px solid #f2f2f2; padding: 20px; margin-top: 10px;  margin-bottom: 10px; width:100%; display block; clear:left\"><\/div>","protected":false},"excerpt":{"rendered":"<p>Flughafentransfer Catania Der Flughafen Catania (CTA) ist einer der betriebsamsten in Sizilien. Go-Etna sorgt mit seiner Alternative zum Taxi gern daf\u00fcr, dass Ihre Reise entspannt verl\u00e4uft. Unser Flughafentransfer umfasst Flight Tracking, eine Wartezeit von bis zu einer Stunde f\u00fcr Kontrollen und Gep\u00e4ck sowie alle Steuern und Geb\u00fchren. Mieten Sie unsere Fahrzeuge stundenweise als Airport Shuttle. [&#8230;]<\/p>\n<p><a class=\"btn btn-secondary understrap-read-more-link\" href=\"https:\/\/www.sicily-transfer.com\/de\/catania-airport-transfer\/\">Weiterlesen&#8230;<\/a><\/p>\n","protected":false},"author":1,"featured_media":0,"parent":0,"menu_order":0,"comment_status":"closed","ping_status":"closed","template":"page-templates\/transfer-new-main.php","meta":{"footnotes":""},"aioseo_notices":[],"_links":{"self":[{"href":"https:\/\/www.sicily-transfer.com\/de\/wp-json\/wp\/v2\/pages\/215"}],"collection":[{"href":"https:\/\/www.sicily-transfer.com\/de\/wp-json\/wp\/v2\/pages"}],"about":[{"href":"https:\/\/www.sicily-transfer.com\/de\/wp-json\/wp\/v2\/types\/page"}],"author":[{"embeddable":true,"href":"https:\/\/www.sicily-transfer.com\/de\/wp-json\/wp\/v2\/users\/1"}],"replies":[{"embeddable":true,"href":"https:\/\/www.sicily-transfer.com\/de\/wp-json\/wp\/v2\/comments?post=215"}],"version-history":[{"count":9,"href":"https:\/\/www.sicily-transfer.com\/de\/wp-json\/wp\/v2\/pages\/215\/revisions"}],"predecessor-version":[{"id":438,"href":"https:\/\/www.sicily-transfer.com\/de\/wp-json\/wp\/v2\/pages\/215\/revisions\/438"}],"wp:attachment":[{"href":"https:\/\/www.sicily-transfer.com\/de\/wp-json\/wp\/v2\/media?parent=215"}],"curies":[{"name":"wp","href":"https:\/\/api.w.org\/{rel}","templated":true}]}}