{"id":2,"date":"2015-05-30T22:45:52","date_gmt":"2015-05-30T21:45:52","guid":{"rendered":"http:\/\/sicily-transfer.com\/?page_id=2"},"modified":"2020-05-06T07:27:32","modified_gmt":"2020-05-06T05:27:32","slug":"home","status":"publish","type":"page","link":"https:\/\/www.sicily-transfer.com\/de\/","title":{"rendered":"Verl\u00e4ssliche Sizilien Flughafentransfers zu niedrigen Preisen"},"content":{"rendered":"<h2>Flughafentransfer Sizilien<\/h2>\n<p><strong>Der Flughafen Catania (CTA)<\/strong> ist einer der betriebsamsten in Sizilien. Go-Etna sorgt mit seiner Alternative zum Taxi gern daf\u00fcr, dass Ihre Reise entspannt verl\u00e4uft.<\/p>\n<p><strong>Unser Flughafentransfer<\/strong> umfasst Flight Tracking, eine Wartezeit von bis zu einer Stunde f\u00fcr Kontrollen und Gep\u00e4ck sowie alle Steuern und Geb\u00fchren. Mieten Sie unsere Fahrzeuge stundenweise als Airport Shuttle. So beginnt Ihr Besuch in Sizilien mit der Begr\u00fc\u00dfung durch Ihren Fahrer, der Ihr Gep\u00e4ck entgegen nimmt, zum Auto tr\u00e4gt und Sie dann an Ihr Ziel bringt. <strong>Die Alternative zum Taxi in Catania.<\/strong><\/p>\n<p style=\"text-align: left;\"><strong>Unser Transfer und Taxi Service\u00a0<\/strong>vom und zum <strong>Flughafen Catania Vincenzo Bellini &#8211; Fontanarossa (CTA)<\/strong> bedient\u00a0H\u00e4fen, Bahnh\u00f6fe, Hotels, Golf Resorts, und Privatadressen auf ganz Sizilien.<\/p>\n<p style=\"text-align: left;\">Alle\u00a0Fahrer und Fahrzeuge\u00a0sind versichert und\u00a0voll lizenziert.<\/p>\n<p style=\"text-align: left;\">Die Reservierung ist kostenlos. Sie zahlen nur den vereinbarten <strong>Festpreis<\/strong>.<\/p>\n<h4>Off-road Transfers Sizilien<\/h4>\n<p>Ihr Reiseziel auf Sizilien befindet sich in <strong>unwegsamem Gel\u00e4nde oder auf unbefestigten Stra\u00dfen?<\/strong> Keine Sorge, wir bieten auch <strong>Off-road Transfers mit unseren 4&#215;4 Fahrzeugen<\/strong> an, die Sie sicher und komfortabel an Ihr Ziel bringen werden.<\/p>\n<div style=\"border-bottom: 1px solid #f2f2f2; padding: 20px; margin-top: 10px;  margin-bottom: 10px; width:100%; display block; clear:left\"><\/div>\n<h3 class=\"tittourh2\"><i class=\"fas fa-info-square\"><\/i> Ihre Vorteile wenn Sie unseren Flughafentransfer Service nutzen:<\/h3>\n<ul class=\"fa-ul\">\n<li class=\"nonee\" style=\"padding-top: 5px;\"><i class=\"fas fa-wifi fa-lg\"><\/i> <span class=\"incllist2\">kostenloses WiFi an Bord<\/span><\/li>\n<li class=\"nonee\" style=\"padding-top: 5px;\"><i class=\"fas fa-user-circle fa-lg\"><\/i> <span class=\"incllist2\">Sie warten nicht auf ein Taxi, sondern wir warten auf Sie<\/span><\/li>\n<li class=\"nonee\" style=\"padding-top: 5px;\"><i class=\"fas fa-chalkboard-teacher fa-lg\"><\/i> <span class=\"incllist2\"><strong>Sie werden Ihren Fahrer sofort erkennen<\/strong>, er wird ein Schild mit Ihrem Namen haben<\/span><\/li>\n<li class=\"nonee\" style=\"padding-top: 5px;\"><i class=\"fas fa-percent fa-lg\"><\/i> <span class=\"incllist2\">\u00dcberaus vorteilhafte\u00a0<strong>Festpreise<\/strong>. So erwartet Sie keine\u00a0\u00dcberraschung<\/span><\/li>\n<li class=\"nonee\" style=\"padding-top: 5px;\"><i class=\"fas fa-child fa-lg\"><\/i> <span class=\"incllist2\">Auf Anfrage kostenloser Kindersitz<\/span><\/li>\n<li class=\"nonee\" style=\"padding-top: 5px;\"><i class=\"fas fa-car fa-lg\"><\/i> <span class=\"incllist2\">Das Fahrzeug wird exklusiv f\u00fcr Sie eingesetzt. Das Fahrzeug wird nicht mit anderen Personen geteilt.<\/span><\/li>\n<li class=\"nonee\" style=\"padding-top: 5px;\"><i class=\"fas fa-shield-check fa-lg\"><\/i> <span class=\"incllist2\">Sie kommen auf den schnellsten Weg auf angenehme Weise an Ihr Ziel<\/span><\/li>\n<\/ul>\n<div style=\"border-bottom: 1px solid #f2f2f2; padding: 20px; margin-top: 10px;  margin-bottom: 10px; width:100%; display block; clear:left\"><\/div>\n\n    <br \/>\n      <div style=\"background-color: #ec5610; color: #fff; padding:15px; border-radius:10px; margin-bottom: 20px\">\n   <center>   <h3>Warum sollten Sie Ihren Transfer bei Go-Etna buchen?<\/h3><\/center>\n   <br \/>\n    <div class=\"row\">\n    \n    <div class=\"col-md-3\"> \n    \n     <center>\n    <i class=\"fad fa-shield-check fa-3x\"><\/i><br \/><br \/>\n   \n \n    \n    \n    <strong>ALL-INLCUSIVE <br \/>TARIFE<\/strong><\/span><br \/><br \/>\n    <p style=\"font-size:13px; line-height: 18px;\">Ihr erschwinglicher vor der Buchung best\u00e4tigte All-Inclusive Tarif beinhaltet alle Steuern und Geb\u00fchren  <\/p>\n    <\/center>\n    <\/div>\n    \n    \n     <div class=\"col-md-3\"> <center> <i class=\"fad fa-hourglass-end fa-3x\"><\/i><br \/>\n    <br \/>\n \n    \n    \n    <strong>KOSTENFREIE <br \/>WARTEZEIT<\/strong><br \/><br \/>\n    <p style=\"font-size:13px; line-height: 18px;\"> Nehmen Sie sich ganz entspannt Zeit. Flughafen-Pickups beinhalten 60 Minuten kostenfreie Wartezeit.   <\/p>\n    <\/center> <\/div>\n    \n    \n    \n    \n   <div class=\"col-md-3\">  <center><i class=\"fad fa-user-tie fa-3x\"><\/i><br \/>\n    <br \/>\n   \n    \n    \n    <strong>PROFESSIONELLE FAHRER<\/strong><br \/><br \/>\n    <p style=\"font-size:13px; line-height: 18px;\">  Seien Sie ganz entspannt, unsere Fahrer sind alle lizenziert und versichert   <\/p><\/center>\n   <\/div>\n    \n    \n        \n    \n <div class=\"col-md-3\"> <center><i class=\"fad fa-gem fa-3x\"><\/i><br \/>\n    <br \/>\n    \n    \n    \n    <strong>BUSINESS ODER <br \/> FIRST CLASS<\/strong><br \/><br \/>\n   <p style=\"font-size:13px; line-height: 18px;\">   Sie k\u00f6nnen zwischen der Business Variante oder erster Klasse w\u00e4hlen <\/p><\/center>\n  <\/div>\n  \n  <\/div>\n    <\/div>\n    \n<div style=\"border-bottom: 1px solid #f2f2f2; padding: 20px; margin-top: 10px;  margin-bottom: 10px; width:100%; display block; clear:left\"><\/div>\n<p>Die Preise f\u00fcr nicht\u00a0aufgef\u00fchrte\u00a0Destinationen oder f\u00fcr Gruppen von mehr als 8 bzw. 16 Personen erfragen Sie uns bitte\u00a0telefonisch +39 346 3030429 oder per\u00a0E-Mail.<\/p>\n<div style=\"border-bottom: 1px solid #f2f2f2; padding: 20px; margin-top: 10px;  margin-bottom: 10px; width:100%; display block; clear:left\"><\/div>\n<p style=\"text-align: center;\">Etna Golf Resort &#8211; Le Madonie Golf Resort &#8211; Il Picciolo Golf Club &#8211; Golf Resort Donnafugata &#8211; Golf Resort Verdura<\/p>\n<div style=\"border-bottom: 1px solid #f2f2f2; padding: 20px; margin-top: 10px;  margin-bottom: 10px; width:100%; display block; clear:left\"><\/div>\n<img decoding=\"async\" class=\"alignright size-full wp-image-8505\" src=\"https:\/\/www.go-etna.com\/wp-content\/uploads\/2020\/01\/logo-NLA.png\" alt=\"NLA\" width=\"150\" \/><br \/>\n<div style=\"border-bottom: 1px solid #f2f2f2; padding: 20px; margin-top: 10px;  margin-bottom: 10px; width:100%; display block; clear:left\"><\/div>\n<h3>Andere Flugh\u00e4fen in Italien<\/h3>\n<ul class=\"airport-list\">\n<li><a title=\"Transfer Rom Civitavecchia Kreuzfahrthafen\" href=\"https:\/\/www.transfeero.com\/de\/transfer-rom-civitavecchia-kreuzfahrthafen\/\">Transfer Rom Civitavecchia Kreuzfahrthafen<\/a><\/li>\n<li><a title=\"Flughafentransfers Malpensa (MXP)\" href=\"https:\/\/www.transfeero.com\/de\/flughafentransfers-malpensa-mxp\/\">Flughafentransfers Malpensa (MXP)<\/a><\/li>\n<li><a title=\"Venedig Marco Polo Flughafentransfers (VCE)\" href=\"https:\/\/www.transfeero.com\/de\/venedig-marco-polo-flughafentransfers-vce\/\">Venedig Marco Polo Flughafentransfers (VCE)<\/a><\/li>\n<li><a title=\"Mailand Linate Flughafentransfers (LIN)\" href=\"https:\/\/www.transfeero.com\/de\/milano-linate-flughafentransfers-lin\/\">Mailand Linate Flughafentransfers (LIN)<\/a><\/li>\n<li><a title=\"Flughafentransfers nach Florenz Peretola (FLR)\" href=\"https:\/\/www.transfeero.com\/de\/flughafentransfers-nach-florenz-peretola-flr\/\">Flughafentransfers nach Florenz Peretola (FLR)<\/a><\/li>\n<li><a title=\"Catania Flughafentransfers (CTA)\" href=\"https:\/\/www.transfeero.com\/de\/catania-flughafentransfers-cta\/\">Catania Flughafentransfers (CTA)<\/a><\/li>\n<li><a title=\"Flughafentransfers Verona Villafranca Flughafen (VRN)\" href=\"https:\/\/www.transfeero.com\/de\/flughafentransfers-verona-villafranca-flughafen\/\">Flughafentransfers Verona Villafranca Flughafen (VRN)<\/a><\/li>\n<li><a title=\"Flughafentransfers Rom Fiumicino (FCO)\" href=\"https:\/\/www.transfeero.com\/de\/flughafentransfers-rom-fiumicino-fco\/\">Flughafentransfers Rom Fiumicino (FCO)<\/a><\/li>\n<li><a title=\"Flughafentransfers Rom Ciampino (CIA)\" href=\"https:\/\/www.transfeero.com\/de\/flughafentransfers-rom-ciampino-cia\/\">Flughafentransfers Rom Ciampino (CIA)<\/a><\/li>\n<\/ul>","protected":false},"excerpt":{"rendered":"<p>Sicily Catania Transfer provide 24 hours <b>Catania airport transfers<\/b> (car and driver) for all <b>Sicilian airports<\/b> to and from <b>anywhere in Sicily<\/b>. Our aim is to offer the <b>best reliable and safest Catania transfers service<\/b> to all our customers at a <b>competitive price<\/b>.<br \/>\nTransfer Catania, Transfer Taormina, Transfer Milazzo<br \/>\n<strong>Transfer from Catania airport to Taormina<\/strong><br \/>\n<strong>Transfer from Catania airport to Milazzo<\/strong><br \/>\n<strong>Transfer from Catania airport to Syracuse<\/strong><br \/>\n<strong>Transfer from Catania airport to Giardini Naxos<\/strong><\/p>\n<p><i class=\"fa fa-check\"><\/i> All drivers and vehicles are insured and fully licensed.<br \/>\n<i class=\"fa fa-check\"><\/i> Reservation is free.<br \/>\n<i class=\"fa fa-check\"><\/i> You only pay the agreed fixed price. <\/p>\n<p><i class=\"fa fa-cc-visa fa-2x\" aria-hidden=\"true\"><\/i> <i class=\"fa fa-cc-mastercard fa-2x\" aria-hidden=\"true\"><\/i> <i class=\"fa fa-cc-amex fa-2x\" aria-hidden=\"true\"><\/i> [&#8230;]<\/p>\n<p><a class=\"btn btn-secondary understrap-read-more-link\" href=\"https:\/\/www.sicily-transfer.com\/de\/\">Weiterlesen&#8230;<\/a><\/p>\n","protected":false},"author":1,"featured_media":213,"parent":0,"menu_order":0,"comment_status":"open","ping_status":"open","template":"page-templates\/transfer-new-home.php","meta":{"footnotes":""},"aioseo_notices":[],"_links":{"self":[{"href":"https:\/\/www.sicily-transfer.com\/de\/wp-json\/wp\/v2\/pages\/2"}],"collection":[{"href":"https:\/\/www.sicily-transfer.com\/de\/wp-json\/wp\/v2\/pages"}],"about":[{"href":"https:\/\/www.sicily-transfer.com\/de\/wp-json\/wp\/v2\/types\/page"}],"author":[{"embeddable":true,"href":"https:\/\/www.sicily-transfer.com\/de\/wp-json\/wp\/v2\/users\/1"}],"replies":[{"embeddable":true,"href":"https:\/\/www.sicily-transfer.com\/de\/wp-json\/wp\/v2\/comments?post=2"}],"version-history":[{"count":81,"href":"https:\/\/www.sicily-transfer.com\/de\/wp-json\/wp\/v2\/pages\/2\/revisions"}],"predecessor-version":[{"id":443,"href":"https:\/\/www.sicily-transfer.com\/de\/wp-json\/wp\/v2\/pages\/2\/revisions\/443"}],"wp:featuredmedia":[{"embeddable":true,"href":"https:\/\/www.sicily-transfer.com\/de\/wp-json\/wp\/v2\/media\/213"}],"wp:attachment":[{"href":"https:\/\/www.sicily-transfer.com\/de\/wp-json\/wp\/v2\/media?parent=2"}],"curies":[{"name":"wp","href":"https:\/\/api.w.org\/{rel}","templated":true}]}}