{"id":131,"date":"2016-06-29T08:24:12","date_gmt":"2016-06-29T06:24:12","guid":{"rendered":"http:\/\/www.sicily-transfer.com\/?page_id=131"},"modified":"2021-11-26T11:36:06","modified_gmt":"2021-11-26T10:36:06","slug":"transfer-catania-milazzo","status":"publish","type":"page","link":"https:\/\/www.sicily-transfer.com\/de\/catania-airport-transfer\/transfer-catania-milazzo\/","title":{"rendered":"Transfer vom Flughafen Catania zum Milazzo"},"content":{"rendered":"<h2>Transfer vom Flughafen Catania zum Milazzo<\/h2>\n<p>Sie reisen vom <strong>Catania Flughafen<\/strong> und ziehen es in Erw\u00e4gung auf \u00f6ffentliche Verkehrsmittel zu verzichten, da man in einer neuen Stadt schnell \u00fcberfordert ist und die Menschen dort wahrscheinlich eine andere Sprache sprechen. Stattdessen w\u00fcrden sie einen direkten <strong>Transfer vom Flughafen<\/strong> in die Stadt bevorzugen? Nun \u2013 es gibt mehrere L\u00f6sungen f\u00fcr ihren <strong>Transfer vom Flughafen Catania zum Milazzo<\/strong>. Reisen mit schwerem Gep\u00e4ck ist meist sehr umst\u00e4ndlich, da man mit mehren Gep\u00e4ckst\u00fccken auf der An- und Abreise ziemlich eingeschr\u00e4nkt ist. Zudem will niemand nach einem langen und anstrengenden Flug noch ewig nach einem geeigneten Taxi suchen. Denn letztendlich wei\u00df man erst nach der Taxifahrt ob der Fahrer einen fairen Preis verlangt und den besten Weg genommen hat. Keine Sorge! Mit Sicily-Transfer.com ist der Transfer vom Catania Flughafen schnell geregelt. Egal, ob Sie gesch\u00e4ftlich oder privat unterwegs sind, wir bieten Ihnen einen bequemen und erschwinglichen <strong>Flughafentransfer vom Catania Flughafen<\/strong> an. (https:\/\/www.sicily-transfer.com\/de\/catania-airport-transfer\/transfer-catania-milazzo\/)<\/p>\n<p><img loading=\"lazy\" decoding=\"async\" src=\"https:\/\/www.sicily-transfer.com\/wp-content\/uploads\/2020\/03\/capomilazzo-ponente-300x169.jpg\" alt=\"Transfer vom Flughafen Catania zum Milazzo\" width=\"300\" height=\"169\" class=\"alignleft size-medium wp-image-419\" srcset=\"https:\/\/www.sicily-transfer.com\/wp-content\/uploads\/2020\/03\/capomilazzo-ponente-300x169.jpg 300w, https:\/\/www.sicily-transfer.com\/wp-content\/uploads\/2020\/03\/capomilazzo-ponente-1024x576.jpg 1024w, https:\/\/www.sicily-transfer.com\/wp-content\/uploads\/2020\/03\/capomilazzo-ponente-768x432.jpg 768w, https:\/\/www.sicily-transfer.com\/wp-content\/uploads\/2020\/03\/capomilazzo-ponente-1536x864.jpg 1536w, https:\/\/www.sicily-transfer.com\/wp-content\/uploads\/2020\/03\/capomilazzo-ponente.jpg 1920w\" sizes=\"(max-width: 300px) 100vw, 300px\" \/><\/p>\n<h2>Das beste Transfer vom Flughafen Catania zum Milazzo<\/h2>\n<p>Wir arbeiten nur mit erfahrenen Fahrern und bewerten deren Dienstleistung regelm\u00e4\u00dfig. Egal wie sp\u00e4t oder fr\u00fch Ihr Flug ist, wir sind stets bem\u00fcht Ihnen einen Transfer<strong> vom und zum Catania Flughafen<\/strong> anzubieten. Sie k\u00f6nnen davon ausgehen rechtzeitig am Flughafen anzukommen und m\u00fcssen sich nicht im Bus \u00fcber m\u00f6gliche Versp\u00e4tungen Sorgen machen. Dank unserer lokalen Partner bieten wir Ihnen einen <strong>professionellen und sicheren Transferservice zum fairen Preis<\/strong>.<\/p>\n<h2>Buchen Sie Ihr Taxi Transfer vom Flughafen Catania zum Milazzo<\/h2>\n<p>Eine Buchung aufgeben war zuvor noch nie einfacher als mit Sicily-Transfer.com. Einfach Ort, Datum, Uhrzeit, Anzahl der Passagiere und Gep\u00e4ckst\u00fccke angeben und schon bekommen Sie von uns ein Angebot f\u00fcr ihren Catania Flughafen Transfer. Wir bieten eine Auswahl an verschiedenen Fahrzeugtypen an. Egal Standard-Limousine, umweltfreundliches Elektroauto, Luxuslimousine oder Kleinbus, Sie haben die Wahl. Wir ber\u00fccksichtigen nat\u00fcrlich auch spezielle W\u00fcnsche wie Baby-Sitze, Kindersitzerh\u00f6hungen oder <strong>Meet &#038; Greets am Catania Flughafen<\/strong>. Auch unsere online Zahlung ist sicher und gepr\u00fcft. Die beliebtesten Zahlungsmethoden sind bei uns verf\u00fcgbar und mit denen k\u00f6nnen Sie Ihre Zahlung so bequem wie m\u00f6glich abschlie\u00dfen. \u00c4nderungen und Stornierungen Ihrer \u00dcberweisung vom Catania Flughafen sind ebenfalls kein Problem.","protected":false},"excerpt":{"rendered":"<p>Milazzo transfers service was conceived to give travelers, that arrive with ships to the Port of Milazzo, a fast, direct and comfortable transfer to any destination in Catania or Taormina city, at a lower cost than other transport services. The travel costs offered by agencies are in fact higher and they often don\u2019t offer the same quality level. Our company has been dealing with transfers from the Port of Milazzo to Catania for more than ten years. [&#8230;]<\/p>\n<p><a class=\"btn btn-secondary understrap-read-more-link\" href=\"https:\/\/www.sicily-transfer.com\/de\/catania-airport-transfer\/transfer-catania-milazzo\/\">Weiterlesen&#8230;<\/a><\/p>\n","protected":false},"author":1,"featured_media":0,"parent":215,"menu_order":0,"comment_status":"closed","ping_status":"closed","template":"page-templates\/transfer-new.php","meta":{"footnotes":""},"aioseo_notices":[],"_links":{"self":[{"href":"https:\/\/www.sicily-transfer.com\/de\/wp-json\/wp\/v2\/pages\/131"}],"collection":[{"href":"https:\/\/www.sicily-transfer.com\/de\/wp-json\/wp\/v2\/pages"}],"about":[{"href":"https:\/\/www.sicily-transfer.com\/de\/wp-json\/wp\/v2\/types\/page"}],"author":[{"embeddable":true,"href":"https:\/\/www.sicily-transfer.com\/de\/wp-json\/wp\/v2\/users\/1"}],"replies":[{"embeddable":true,"href":"https:\/\/www.sicily-transfer.com\/de\/wp-json\/wp\/v2\/comments?post=131"}],"version-history":[{"count":29,"href":"https:\/\/www.sicily-transfer.com\/de\/wp-json\/wp\/v2\/pages\/131\/revisions"}],"predecessor-version":[{"id":420,"href":"https:\/\/www.sicily-transfer.com\/de\/wp-json\/wp\/v2\/pages\/131\/revisions\/420"}],"up":[{"embeddable":true,"href":"https:\/\/www.sicily-transfer.com\/de\/wp-json\/wp\/v2\/pages\/215"}],"wp:attachment":[{"href":"https:\/\/www.sicily-transfer.com\/de\/wp-json\/wp\/v2\/media?parent=131"}],"curies":[{"name":"wp","href":"https:\/\/api.w.org\/{rel}","templated":true}]}}