{"id":127,"date":"2016-06-29T08:23:05","date_gmt":"2016-06-29T06:23:05","guid":{"rendered":"http:\/\/www.sicily-transfer.com\/?page_id=127"},"modified":"2021-11-26T11:36:06","modified_gmt":"2021-11-26T10:36:06","slug":"transfer-service","status":"publish","type":"page","link":"https:\/\/www.sicily-transfer.com\/de\/transfer-service\/","title":{"rendered":"Transfer Service"},"content":{"rendered":"Unser Unternehmen bietet einen zuverl\u00e4ssige Transfer-Buchungsservice mit langj\u00e4hriger Erfahrung und Know-how. Schnell, sicher und im Voraus gebuchten Transfers k\u00f6nnen Sie Sorge reisen &#8211; und Problem &#8211; frei in einem gro\u00dfen und gesch\u00e4ftigen Stadt wie Catania. Unser Auto mit Chauffeur-Vermietung, Transfers Catania, Taormina, Milazzo und Touren, sind die beste und bequemste Wahl f\u00fcr diejenigen, die ihre Zeit optimieren m\u00f6chten, f\u00fcr ihre gesch\u00e4ftlichen Anl\u00e4sse oder w\u00e4hrend ihres Urlaubs. Alle unsere Fahrzeuge sind mit Klimaanlage und \u00a0allem n\u00f6tigen Zubeh\u00f6r ausgestattet, um jedes Reiseerlebnis komfortabel und einzigartig zu machen.<\/p>\n<p><a class=\"inquiry\" href=\"http:\/\/www.sicily-transfer.com\/booking-request-catania\/\">JETZT BUCHEN &#8211; ANFRAGE<\/a>","protected":false},"excerpt":{"rendered":"<p class=\"qtranxs-available-languages-message qtranxs-available-languages-message-de\">Leider ist der Eintrag nur auf <a href=\"https:\/\/www.sicily-transfer.com\/en\/wp-json\/wp\/v2\/pages\/127\" class=\"qtranxs-available-language-link qtranxs-available-language-link-en\" title=\"English\">English<\/a> verf\u00fcgbar.<\/p>\n","protected":false},"author":1,"featured_media":0,"parent":0,"menu_order":0,"comment_status":"closed","ping_status":"closed","template":"","meta":{"footnotes":""},"aioseo_notices":[],"_links":{"self":[{"href":"https:\/\/www.sicily-transfer.com\/de\/wp-json\/wp\/v2\/pages\/127"}],"collection":[{"href":"https:\/\/www.sicily-transfer.com\/de\/wp-json\/wp\/v2\/pages"}],"about":[{"href":"https:\/\/www.sicily-transfer.com\/de\/wp-json\/wp\/v2\/types\/page"}],"author":[{"embeddable":true,"href":"https:\/\/www.sicily-transfer.com\/de\/wp-json\/wp\/v2\/users\/1"}],"replies":[{"embeddable":true,"href":"https:\/\/www.sicily-transfer.com\/de\/wp-json\/wp\/v2\/comments?post=127"}],"version-history":[{"count":8,"href":"https:\/\/www.sicily-transfer.com\/de\/wp-json\/wp\/v2\/pages\/127\/revisions"}],"predecessor-version":[{"id":190,"href":"https:\/\/www.sicily-transfer.com\/de\/wp-json\/wp\/v2\/pages\/127\/revisions\/190"}],"wp:attachment":[{"href":"https:\/\/www.sicily-transfer.com\/de\/wp-json\/wp\/v2\/media?parent=127"}],"curies":[{"name":"wp","href":"https:\/\/api.w.org\/{rel}","templated":true}]}}